{"id":8945,"date":"2021-05-22T07:56:34","date_gmt":"2022-02-04T14:18:49","guid":{"rendered":"https:\/\/cinaweine.shop\/product\/selection-schtroumpf-porte-en-bois-seche\/"},"modified":"2026-04-24T10:24:05","modified_gmt":"2026-04-24T09:24:05","slug":"selection-schtroumpf-porte-en-bois-seche","status":"publish","type":"product","link":"https:\/\/www.cinaweine.ch\/fr\/produit\/selection-schtroumpf-porte-en-bois-seche\/","title":{"rendered":"S\u00e9lection Schlumpf \u2013 Wooden Door sec"},"content":{"rendered":"\t\t<div data-elementor-type=\"wp-post\" data-elementor-id=\"8945\" class=\"elementor elementor-8945 elementor-6775\">\n\t\t\t\t\t\t<section class=\"elementor-section elementor-top-section elementor-element elementor-element-4bb752d1 elementor-section-boxed elementor-section-height-default elementor-section-height-default wd-section-disabled\" data-id=\"4bb752d1\" data-element_type=\"section\" data-e-type=\"section\">\n\t\t\t\t\t\t<div class=\"elementor-container elementor-column-gap-default\">\n\t\t\t\t\t<div class=\"elementor-column elementor-col-100 elementor-top-column elementor-element elementor-element-4b0b2582\" data-id=\"4b0b2582\" data-element_type=\"column\" data-e-type=\"column\">\n\t\t\t<div class=\"elementor-widget-wrap elementor-element-populated\">\n\t\t\t\t\t\t<div class=\"elementor-element elementor-element-2cff6842 color-scheme-inherit text-left elementor-widget elementor-widget-text-editor\" data-id=\"2cff6842\" data-element_type=\"widget\" data-e-type=\"widget\" data-widget_type=\"text-editor.default\">\n\t\t\t\t<div class=\"elementor-widget-container\">\n\t\t\t\t\t\t\t\t\t<p> <\/p><table><tbody><tr><td width=\"234\"><strong>Contenu<\/strong><\/td> <td width=\"235\"><strong>75 cl<\/strong><\/td><\/tr><tr><td width=\"234\"><strong>Pays d\u2019origine <\/strong><\/td><td width=\"235\">Suisse<\/td><\/tr><tr><td width=\"234\"><strong>Origine &#8211; r\u00e9gion <\/strong><\/td><td width=\"235\">Valais<\/td><\/tr><tr><td width=\"234\"><strong>Type de vin<\/strong><\/td> <td width=\"235\">rouge<\/td><\/tr><tr> <td width=\"234\"><strong> Vari\u00e9t\u00e9 de raisin <\/strong><\/td><td width=\"235\">Assemblage<\/td><\/tr><tr><td width=\"234\"><strong>Qualit\u00e9 <\/strong><\/td><td width=\"235\">VdP<\/td><\/tr><tr><td width=\"234\"><strong>Teneur en alcool <\/strong><\/td><td width=\"235\">13.0 % vol<\/td><\/tr><tr><td width=\"234\"><strong>Buvabilit\u00e9 <\/strong><\/td><td width=\"235\">Maintenant\/2-3 ans<\/td><\/tr><tr><td width=\"234\"><strong>Temp\u00e9rature de consommation <\/strong><\/td><td width=\"235\">15-17 \u00b0 Celsius<\/td><\/tr><\/tbody><\/table><p><strong>Entdeckung<\/strong><strong>: <\/strong>Das Wallis im Herzen der Alpen profitiert von einem aussergew\u00f6hnlichen Klima, das oft als \u00abSteppenklima\u00bb bezeichnet wird. La plupart du temps, les hautes montagnes emp\u00eachent la pluie d&rsquo;entrer, le foehn est cr\u00e9\u00e9, qui balaie les nuages et garantit un temps agr\u00e9able avec des temp\u00e9ratures douces. Avec une moyenne de moins de 600 mm de pr\u00e9cipitations par an, le Valais est le canton le plus sec de Suisse. Avec ses 2100 heures d&rsquo;ensoleillement, c&rsquo;est l&rsquo;une des r\u00e9gions les plus privil\u00e9gi\u00e9es d&rsquo;Europe centrale. Le s\u00e8che-cheveux, qui intervient souvent \u00e0 l&rsquo;automne, s\u00e8che les raisins, favorise leur maturit\u00e9, concentre le sucre et prot\u00e8ge des maladies. Les diff\u00e9rences de temp\u00e9rature entre les journ\u00e9es chaudes et les nuits fra\u00eeches sont un autre ph\u00e9nom\u00e8ne climatique.. Cela augmente la complexit\u00e9 et l&rsquo;affinement des ar\u00f4mes dans les raisins vers la fin du cycle de maturation. La fin de l&rsquo;automne est r\u00e9guli\u00e8rement fantastique en Valais. Gr\u00e2ce \u00e0 un temps ensoleill\u00e9, doux et sec, on peut souvent apporter des vins de Sp\u00e4tlese et m\u00eame de Trockenbeerenauslese, qui ne sont en aucun cas inf\u00e9rieurs aux meilleurs vins doux du monde. La cave Cina Gilles &amp; Jo\u00ebl est une entreprise familiale depuis sa cr\u00e9ation en 1994. Il est g\u00e9r\u00e9 en 2\u00e8me g\u00e9n\u00e9ration par les propri\u00e9taires Gilles et Jo\u00ebl. Aujourd&rsquo;hui, 8 hectares de vignes, pour la plupart expos\u00e9s plein sud, font partie du domaine. Les fr\u00e8res Cina investissent tout dans la production de leurs vins: Expertise, souci du d\u00e9tail, engagement et technologie moderne. Dans l&rsquo;expansion des vins, l&rsquo;exp\u00e9rience qui a grandi dans l&rsquo;histoire de la cave se conjugue avec les r\u00e9alisations de l&rsquo;\u0153nologie contemporaine. Le r\u00e9sultat est des vins qui refl\u00e8tent les qualit\u00e9s de leur r\u00e9gion de culture, le Valais: authentiques, sans fioritures et terre-\u00e0-terre, int\u00e9ressants et aux multiples facettes.<\/p><p><strong>Caract\u00e8re :<\/strong> Diff\u00e9rents c\u00e9pages locaux sont \u00e0 la base de ce vin. Lors de l&rsquo;assemblage, les atouts des vari\u00e9t\u00e9s individuelles se compl\u00e8tent. Cela cr\u00e9e un vin rond et bien \u00e9quilibr\u00e9.<\/p><p><strong>D\u00e9gustation :<\/strong> Notre <strong>Porte<\/strong> Bois impressionne par sa belle robe rubis clair, accompagn\u00e9e d&rsquo;ar\u00f4mes de fruits rouges comme la framboise, la cerise rouge et la prune rouge. Les tanins moyens et velout\u00e9s sont merveilleusement incorpor\u00e9s dans la faible acidit\u00e9 et vous pouvez voir le l\u00e9ger go\u00fbt de pain grill\u00e9 et de vanille.<\/p><p><strong>Conseil culinaire :<\/strong> Ce merveilleux vin rouge du Cina Gilles &amp; Jo\u00ebl s&rsquo;accorde parfaitement avec une assiette valaisanne de fromage \u00e0 p\u00e2te dure, un tartare fra\u00eechement pr\u00e9par\u00e9, de d\u00e9licieuses grillades ou profitez de la \u00ab\u00a0Porte en Bois\u00a0\u00bb le soir pour terminer la journ\u00e9e.<\/p><p>Ce vin, plus pr\u00e9cis\u00e9ment l&rsquo;\u00e9tiquette \u00abWooden Door\u00bb, de la S\u00e9lection Schlumpf, a \u00e9t\u00e9 cr\u00e9\u00e9 en collaboration avec Dominik Schlumpf, joueur de hockey sur glace \u00e0 l&rsquo;EV Zug et artiste zougois, un CHF par bouteille vendue \u00e9tant revers\u00e9 \u00e0 la \u00abSternschnuppe\u00bb coul\u00e9e. Cette campagne de dons est maintenant termin\u00e9e, mais l&rsquo;histoire reste dans nos c\u0153urs.<\/p>\t\t\t\t\t\t\t\t<\/div>\n\t\t\t\t<\/div>\n\t\t\t\t\t<\/div>\n\t\t<\/div>\n\t\t\t\t\t<\/div>\n\t\t<\/section>\n\t\t\t\t<\/div>\n\t\t","protected":false},"excerpt":{"rendered":"<p>Notre <strong>\u00ab\u00a0Porte Bois\u00a0\u00bb<\/strong> impressionne par sa belle robe rubis clair, accompagn\u00e9e d\u2019ar\u00f4mes de fruits rouges comme la framboise, la cerise rouge et la prune rouge.<\/p>\n","protected":false},"featured_media":8452,"comment_status":"open","ping_status":"closed","template":"","meta":[],"product_brand":[],"product_cat":[70],"product_tag":[],"class_list":{"0":"post-8945","1":"product","2":"type-product","3":"status-publish","4":"has-post-thumbnail","6":"product_cat-vins-dassemblage","8":"first","9":"instock","10":"shipping-taxable","11":"purchasable","12":"product-type-simple"},"_links":{"self":[{"href":"https:\/\/www.cinaweine.ch\/fr\/wp-json\/wp\/v2\/product\/8945","targetHints":{"allow":["GET"]}}],"collection":[{"href":"https:\/\/www.cinaweine.ch\/fr\/wp-json\/wp\/v2\/product"}],"about":[{"href":"https:\/\/www.cinaweine.ch\/fr\/wp-json\/wp\/v2\/types\/product"}],"replies":[{"embeddable":true,"href":"https:\/\/www.cinaweine.ch\/fr\/wp-json\/wp\/v2\/comments?post=8945"}],"version-history":[{"count":2,"href":"https:\/\/www.cinaweine.ch\/fr\/wp-json\/wp\/v2\/product\/8945\/revisions"}],"predecessor-version":[{"id":22374,"href":"https:\/\/www.cinaweine.ch\/fr\/wp-json\/wp\/v2\/product\/8945\/revisions\/22374"}],"wp:featuredmedia":[{"embeddable":true,"href":"https:\/\/www.cinaweine.ch\/fr\/wp-json\/wp\/v2\/media\/8452"}],"wp:attachment":[{"href":"https:\/\/www.cinaweine.ch\/fr\/wp-json\/wp\/v2\/media?parent=8945"}],"wp:term":[{"taxonomy":"product_brand","embeddable":true,"href":"https:\/\/www.cinaweine.ch\/fr\/wp-json\/wp\/v2\/product_brand?post=8945"},{"taxonomy":"product_cat","embeddable":true,"href":"https:\/\/www.cinaweine.ch\/fr\/wp-json\/wp\/v2\/product_cat?post=8945"},{"taxonomy":"product_tag","embeddable":true,"href":"https:\/\/www.cinaweine.ch\/fr\/wp-json\/wp\/v2\/product_tag?post=8945"}],"curies":[{"name":"wp","href":"https:\/\/api.w.org\/{rel}","templated":true}]}}