{"id":8936,"date":"2021-05-22T08:13:54","date_gmt":"2022-02-04T13:12:38","guid":{"rendered":"https:\/\/cinaweine.shop\/product\/borgo-lame-moscato-dasti\/"},"modified":"2026-04-24T10:19:11","modified_gmt":"2026-04-24T09:19:11","slug":"borgo-lame-moscato-dasti","status":"publish","type":"product","link":"https:\/\/www.cinaweine.ch\/fr\/produit\/borgo-lame-moscato-dasti\/","title":{"rendered":"Borgo LamE Moscato d&rsquo;Asti"},"content":{"rendered":"\t\t<div data-elementor-type=\"wp-post\" data-elementor-id=\"8936\" class=\"elementor elementor-8936 elementor-6794\">\n\t\t\t\t\t\t<section class=\"elementor-section elementor-top-section elementor-element elementor-element-f11dad1 elementor-section-boxed elementor-section-height-default elementor-section-height-default wd-section-disabled\" data-id=\"f11dad1\" data-element_type=\"section\" data-e-type=\"section\">\n\t\t\t\t\t\t<div class=\"elementor-container elementor-column-gap-default\">\n\t\t\t\t\t<div class=\"elementor-column elementor-col-100 elementor-top-column elementor-element elementor-element-2cbcf428\" data-id=\"2cbcf428\" data-element_type=\"column\" data-e-type=\"column\">\n\t\t\t<div class=\"elementor-widget-wrap elementor-element-populated\">\n\t\t\t\t\t\t<div class=\"elementor-element elementor-element-1d2ef107 color-scheme-inherit text-left elementor-widget elementor-widget-text-editor\" data-id=\"1d2ef107\" data-element_type=\"widget\" data-e-type=\"widget\" data-widget_type=\"text-editor.default\">\n\t\t\t\t<div class=\"elementor-widget-container\">\n\t\t\t\t\t\t\t\t\t<p> <\/p><table><tbody><tr><td width=\"234\"><strong>Contenu<\/strong><\/td> <td width=\"235\"><strong>75 cl<\/strong><\/td><\/tr><tr><td width=\"234\"><strong>Pays d\u2019origine <\/strong><\/td><td width=\"235\">Italie<\/td><\/tr><tr><td width=\"234\"><strong>Origine \u2013 r\u00e9gion <\/strong><\/td><td width=\"235\">Piemont<\/td><\/tr><tr><td width=\"234\"><strong> Type de vin <\/strong><\/td><td width=\"235\">Vin blanc\/frizzante<\/td><\/tr><tr> <td width=\"234\"><strong> Vari\u00e9t\u00e9 de raisin <\/strong><\/td><td width=\"235\">Moscato<\/td><\/tr><tr><td width=\"234\"><strong>Qualit\u00e9 <\/strong><\/td><td width=\"235\">DOCG<\/td><\/tr><tr><td width=\"234\"><strong>Teneur en alcool <\/strong><\/td><td width=\"235\">5.5 % vol<\/td><\/tr><tr><td width=\"234\"><strong>Buvabilit\u00e9 <\/strong><\/td><td width=\"235\">Maintenant\/2-3 ans<\/td><\/tr><tr><td width=\"234\"><strong>Temp\u00e9rature de consommation <\/strong><\/td><td width=\"235\">8-10 \u00b0 Celsius<\/td><\/tr><\/tbody><\/table><p><b>D\u00e9couverte :<\/b> \u00ab Un petit village ancien avec quelques maisons et une petite \u00e9glise.<b> <\/b>La simplicit\u00e9 et l&rsquo;authenticit\u00e9 d&rsquo;un village rural, racont\u00e9es par le parfum enivrant de nos vins. Les anciennes caves Borgo Lame sont n\u00e9es au c\u0153ur du Pi\u00e9mont dans la Cisterna d&rsquo;Asti. Dans ce petit village situ\u00e9 entre les Langhe, le Roero et le Monferrato, au terroir unique, une famille d&rsquo;agriculteurs a travaill\u00e9 patiemment la terre pendant des ann\u00e9es, transmettant de p\u00e8re en fils le savoir-faire de la viticulture et de la vinification.<br>Des vins rouges fruit\u00e9s aux ar\u00f4mes intenses, \u00e9l\u00e9gants et sobres, qui accompagnent \u00e0 merveille les repas de tous les jours. Des vins blancs frais et min\u00e9raux qui \u00e9voquent des zones sablonneuses d&rsquo;origine ancienne. L&rsquo;ar\u00f4me doux et unique du Moscato, adapt\u00e9 aux occasions sp\u00e9ciales et aux vacances. Les vins Borgo Lame racontent des histoires de personnes g\u00e9n\u00e9reuses, d&rsquo;attentes romantiques, de regards timides et de travail patient. De notre vraie, vraie vie.<\/p><p><b>Caract\u00e8re<\/b> <b>:<\/b> Ce Moscato Frizzante scintille d&rsquo;une pointe d&rsquo;or dans le verre couleur paille. Ce Moscato est rafra\u00eechissant, l\u00e9g\u00e8rement sucr\u00e9 et fruit\u00e9.<\/p><p><b>D\u00e9gustation<\/b> <b>:<\/b> Le bouquet de ce Moscato d&rsquo;Asti se caract\u00e9rise par des fruits frais comme l&rsquo;abricot et la poire ainsi que par un d\u00e9licat parfum de rose.<\/p><p><b>Suggestion d&rsquo;utilisation :<\/b> Se marie parfaitement avec un dessert, des fruits frais et une soir\u00e9e pass\u00e9e ensemble. <\/p>\t\t\t\t\t\t\t\t<\/div>\n\t\t\t\t<\/div>\n\t\t\t\t\t<\/div>\n\t\t<\/div>\n\t\t\t\t\t<\/div>\n\t\t<\/section>\n\t\t\t\t<\/div>\n\t\t","protected":false},"excerpt":{"rendered":"<p>Le bouquet de ce Moscato d&rsquo;Asti s\u00e9duit par ses fruits frais tels que les abricots et les poires ainsi qu&rsquo;un d\u00e9licat parfum de rose.<\/p>\n","protected":false},"featured_media":8446,"comment_status":"open","ping_status":"closed","template":"","meta":[],"product_brand":[],"product_cat":[76],"product_tag":[],"class_list":{"0":"post-8936","1":"product","2":"type-product","3":"status-publish","4":"has-post-thumbnail","6":"product_cat-vins-mousseux","8":"first","9":"instock","10":"shipping-taxable","11":"purchasable","12":"product-type-simple"},"_links":{"self":[{"href":"https:\/\/www.cinaweine.ch\/fr\/wp-json\/wp\/v2\/product\/8936","targetHints":{"allow":["GET"]}}],"collection":[{"href":"https:\/\/www.cinaweine.ch\/fr\/wp-json\/wp\/v2\/product"}],"about":[{"href":"https:\/\/www.cinaweine.ch\/fr\/wp-json\/wp\/v2\/types\/product"}],"replies":[{"embeddable":true,"href":"https:\/\/www.cinaweine.ch\/fr\/wp-json\/wp\/v2\/comments?post=8936"}],"version-history":[{"count":2,"href":"https:\/\/www.cinaweine.ch\/fr\/wp-json\/wp\/v2\/product\/8936\/revisions"}],"predecessor-version":[{"id":22364,"href":"https:\/\/www.cinaweine.ch\/fr\/wp-json\/wp\/v2\/product\/8936\/revisions\/22364"}],"wp:featuredmedia":[{"embeddable":true,"href":"https:\/\/www.cinaweine.ch\/fr\/wp-json\/wp\/v2\/media\/8446"}],"wp:attachment":[{"href":"https:\/\/www.cinaweine.ch\/fr\/wp-json\/wp\/v2\/media?parent=8936"}],"wp:term":[{"taxonomy":"product_brand","embeddable":true,"href":"https:\/\/www.cinaweine.ch\/fr\/wp-json\/wp\/v2\/product_brand?post=8936"},{"taxonomy":"product_cat","embeddable":true,"href":"https:\/\/www.cinaweine.ch\/fr\/wp-json\/wp\/v2\/product_cat?post=8936"},{"taxonomy":"product_tag","embeddable":true,"href":"https:\/\/www.cinaweine.ch\/fr\/wp-json\/wp\/v2\/product_tag?post=8936"}],"curies":[{"name":"wp","href":"https:\/\/api.w.org\/{rel}","templated":true}]}}