{"id":8933,"date":"2022-01-13T12:32:23","date_gmt":"2022-02-04T13:10:50","guid":{"rendered":"https:\/\/cinaweine.shop\/product\/sauvignon-blanc-doux\/"},"modified":"2026-04-24T10:22:58","modified_gmt":"2026-04-24T09:22:58","slug":"sauvignon-blanc-doux","status":"publish","type":"product","link":"https:\/\/www.cinaweine.ch\/fr\/produit\/sauvignon-blanc-doux\/","title":{"rendered":"Sauvignon Blanc"},"content":{"rendered":"\t\t<div data-elementor-type=\"wp-post\" data-elementor-id=\"8933\" class=\"elementor elementor-8933 elementor-8256\">\n\t\t\t\t\t\t<section class=\"elementor-section elementor-top-section elementor-element elementor-element-920da7d elementor-section-boxed elementor-section-height-default elementor-section-height-default wd-section-disabled\" data-id=\"920da7d\" data-element_type=\"section\" data-e-type=\"section\">\n\t\t\t\t\t\t<div class=\"elementor-container elementor-column-gap-default\">\n\t\t\t\t\t<div class=\"elementor-column elementor-col-100 elementor-top-column elementor-element elementor-element-27ddd605\" data-id=\"27ddd605\" data-element_type=\"column\" data-e-type=\"column\">\n\t\t\t<div class=\"elementor-widget-wrap elementor-element-populated\">\n\t\t\t\t\t\t<div class=\"elementor-element elementor-element-52719b44 color-scheme-inherit text-left elementor-widget elementor-widget-text-editor\" data-id=\"52719b44\" data-element_type=\"widget\" data-e-type=\"widget\" data-widget_type=\"text-editor.default\">\n\t\t\t\t<div class=\"elementor-widget-container\">\n\t\t\t\t\t\t\t\t\t<p> <\/p><table><tbody><tr><td width=\"234\"><strong>Contenu<\/strong><\/td> <td width=\"235\"><strong>75 cl<\/strong><\/td><\/tr><tr><td width=\"234\"><strong>Pays d\u2019origine <\/strong><\/td><td width=\"235\">Suisse<\/td><\/tr><tr><td width=\"234\"><strong>Origine &#8211; r\u00e9gion <\/strong><\/td><td width=\"235\">Valais<\/td><\/tr><tr><td width=\"234\"><strong>Type de vin<\/strong><\/td> <td width=\"235\">blanc<\/td><\/tr><tr> <td width=\"234\"><strong> Vari\u00e9t\u00e9 de raisin <\/strong><\/td><td width=\"235\">Sauvignon blanc<\/td><\/tr><tr><td width=\"234\"><strong>Qualit\u00e9 <\/strong><\/td><td width=\"235\">AOC Valais<\/td><\/tr><tr><td width=\"234\"><strong>Teneur en alcool <\/strong><\/td><td width=\"235\">11.5 %<\/td><\/tr><tr><td width=\"234\"><strong>Buvabilit\u00e9 <\/strong><\/td><td width=\"235\">Maintenant\/2-3 ans<\/td><\/tr><tr><td width=\"234\"><strong>Temp\u00e9rature de consommation <\/strong><\/td><td width=\"235\">8-10 \u00b0 Celsius<\/td><\/tr><\/tbody><\/table><p><strong>D\u00e9couverte :<\/strong> Le Valais au c\u0153ur des Alpes b\u00e9n\u00e9ficie d&rsquo;un climat exceptionnel, souvent appel\u00e9 \u00abclimat de steppe\u00bb. La plupart du temps, les hautes montagnes emp\u00eachent la pluie d&rsquo;entrer, le foehn est cr\u00e9\u00e9, qui balaie les nuages et garantit un temps agr\u00e9able avec des temp\u00e9ratures douces. Avec une moyenne de moins de 600 mm de pr\u00e9cipitations par an, le Valais est le canton le plus sec de Suisse. Avec ses 2100 heures d&rsquo;ensoleillement, c&rsquo;est l&rsquo;une des r\u00e9gions les plus privil\u00e9gi\u00e9es d&rsquo;Europe centrale. Le s\u00e8che-cheveux, qui intervient souvent \u00e0 l&rsquo;automne, s\u00e8che les raisins, favorise leur maturit\u00e9, concentre le sucre et prot\u00e8ge des maladies.     Les diff\u00e9rences de temp\u00e9rature entre les journ\u00e9es chaudes et les nuits fra\u00eeches sont un autre ph\u00e9nom\u00e8ne climatique.. Cela augmente la complexit\u00e9 et l&rsquo;affinement des ar\u00f4mes dans les raisins vers la fin du cycle de maturation. La fin de l&rsquo;automne est r\u00e9guli\u00e8rement fantastique en Valais. Gr\u00e2ce \u00e0 un temps ensoleill\u00e9, doux et sec, on peut souvent apporter des vins de Sp\u00e4tlese et m\u00eame de Trockenbeerenauslese, qui ne sont en aucun cas inf\u00e9rieurs aux meilleurs vins doux du monde. La cave Cina Gilles &amp; Jo\u00ebl est une entreprise familiale depuis sa cr\u00e9ation en 1994. Il est g\u00e9r\u00e9 en 2\u00e8me g\u00e9n\u00e9ration par les propri\u00e9taires Gilles et Jo\u00ebl. Aujourd&rsquo;hui, 8 hectares de vignes, pour la plupart expos\u00e9s plein sud, font partie du domaine. Les fr\u00e8res Cina investissent tout dans la production de leurs vins: Expertise, souci du d\u00e9tail, engagement et technologie moderne. Dans l&rsquo;expansion des vins, l&rsquo;exp\u00e9rience qui a grandi dans l&rsquo;histoire de la cave se conjugue avec les r\u00e9alisations de l&rsquo;\u0153nologie contemporaine. Le r\u00e9sultat est des vins qui refl\u00e8tent les qualit\u00e9s de leur r\u00e9gion de culture, le Valais: authentiques, sans fioritures et terre-\u00e0-terre, int\u00e9ressants et aux multiples facettes.<\/p><p><strong>Caract\u00e8re :<\/strong> Jaune clair avec des reflets verts. Le bouquet est franc et \u00e9l\u00e9gant avec des notes de fruits tropicaux, d&rsquo;herbes et de fleur de sureau. D\u00e9but de bouche merveilleusement frais et juteux, soutenu par l&rsquo;acidit\u00e9 typique du c\u00e9page. L&rsquo;ar\u00f4me se d\u00e9ploie merveilleusement invitant. La finale est aromatique, longue et rafra\u00eechissante.<\/p><p><strong>D\u00e9gustation :<\/strong> Sous le climat suisse, le Sauvignon Blanc offre de merveilleux fruits frais et juteux, une acidit\u00e9 bien int\u00e9gr\u00e9e, un corps moyen avec une finale harmonieuse.<\/p><p><strong>Conseil culinaire :<\/strong> Ce Sauvignon Blanc est une excellente boisson d&rsquo;ap\u00e9ritif, mais est aussi id\u00e9al en accompagnement de plats divers, mais surtout d&rsquo;une fondue ou d&rsquo;une raclette, de poissons comme les filets de perches, truites et brochets de nos lacs et rivi\u00e8res ainsi que de moules. <\/p>\t\t\t\t\t\t\t\t<\/div>\n\t\t\t\t<\/div>\n\t\t\t\t\t<\/div>\n\t\t<\/div>\n\t\t\t\t\t<\/div>\n\t\t<\/section>\n\t\t\t\t<\/div>\n\t\t","protected":false},"excerpt":{"rendered":"<p>Sous le climat suisse, le sauvignon blanc offre de merveilleux fruits frais et juteux, une acidit\u00e9 bien int\u00e9gr\u00e9e, un corps moyen avec une finale harmonieuse.<\/p>\n","protected":false},"featured_media":8259,"comment_status":"open","ping_status":"closed","template":"","meta":[],"product_brand":[],"product_cat":[81],"product_tag":[],"class_list":{"0":"post-8933","1":"product","2":"type-product","3":"status-publish","4":"has-post-thumbnail","6":"product_cat-vin-blanc-fr","8":"first","9":"instock","10":"shipping-taxable","11":"purchasable","12":"product-type-simple"},"_links":{"self":[{"href":"https:\/\/www.cinaweine.ch\/fr\/wp-json\/wp\/v2\/product\/8933","targetHints":{"allow":["GET"]}}],"collection":[{"href":"https:\/\/www.cinaweine.ch\/fr\/wp-json\/wp\/v2\/product"}],"about":[{"href":"https:\/\/www.cinaweine.ch\/fr\/wp-json\/wp\/v2\/types\/product"}],"replies":[{"embeddable":true,"href":"https:\/\/www.cinaweine.ch\/fr\/wp-json\/wp\/v2\/comments?post=8933"}],"version-history":[{"count":3,"href":"https:\/\/www.cinaweine.ch\/fr\/wp-json\/wp\/v2\/product\/8933\/revisions"}],"predecessor-version":[{"id":22370,"href":"https:\/\/www.cinaweine.ch\/fr\/wp-json\/wp\/v2\/product\/8933\/revisions\/22370"}],"wp:featuredmedia":[{"embeddable":true,"href":"https:\/\/www.cinaweine.ch\/fr\/wp-json\/wp\/v2\/media\/8259"}],"wp:attachment":[{"href":"https:\/\/www.cinaweine.ch\/fr\/wp-json\/wp\/v2\/media?parent=8933"}],"wp:term":[{"taxonomy":"product_brand","embeddable":true,"href":"https:\/\/www.cinaweine.ch\/fr\/wp-json\/wp\/v2\/product_brand?post=8933"},{"taxonomy":"product_cat","embeddable":true,"href":"https:\/\/www.cinaweine.ch\/fr\/wp-json\/wp\/v2\/product_cat?post=8933"},{"taxonomy":"product_tag","embeddable":true,"href":"https:\/\/www.cinaweine.ch\/fr\/wp-json\/wp\/v2\/product_tag?post=8933"}],"curies":[{"name":"wp","href":"https:\/\/api.w.org\/{rel}","templated":true}]}}