{"id":8839,"date":"2022-02-03T09:36:28","date_gmt":"2022-02-03T09:36:28","guid":{"rendered":"https:\/\/cinaweine.shop\/?post_type=product&#038;p=8839"},"modified":"2026-04-24T12:28:46","modified_gmt":"2026-04-24T11:28:46","slug":"ortega-auslese-haas","status":"publish","type":"product","link":"https:\/\/www.cinaweine.ch\/fr\/produit\/ortega-auslese-haas\/","title":{"rendered":"S\u00e9lection Ortega Haas"},"content":{"rendered":"\t\t<div data-elementor-type=\"wp-post\" data-elementor-id=\"8839\" class=\"elementor elementor-8839\">\n\t\t\t\t\t\t<section class=\"elementor-section elementor-top-section elementor-element elementor-element-69ba198b elementor-section-boxed elementor-section-height-default elementor-section-height-default wd-section-disabled\" data-id=\"69ba198b\" data-element_type=\"section\" data-e-type=\"section\">\n\t\t\t\t\t\t<div class=\"elementor-container elementor-column-gap-default\">\n\t\t\t\t\t<div class=\"elementor-column elementor-col-100 elementor-top-column elementor-element elementor-element-345c4a73\" data-id=\"345c4a73\" data-element_type=\"column\" data-e-type=\"column\">\n\t\t\t<div class=\"elementor-widget-wrap elementor-element-populated\">\n\t\t\t\t\t\t<div class=\"elementor-element elementor-element-1c87441f color-scheme-inherit text-left elementor-widget elementor-widget-text-editor\" data-id=\"1c87441f\" data-element_type=\"widget\" data-e-type=\"widget\" data-widget_type=\"text-editor.default\">\n\t\t\t\t<div class=\"elementor-widget-container\">\n\t\t\t\t\t\t\t\t\t<\/p>\n<table>\n<tbody>\n<tr>\n<td width=\"234\"><strong>Contenu<\/strong><\/td>\n<td width=\"235\"><strong>75 cl<\/strong><\/td>\n<\/tr>\n<tr>\n<td width=\"234\"><strong>Pays d\u2019origine <\/strong><\/td>\n<td width=\"235\">Allemagne <\/td>\n<\/tr>\n<tr>\n<td width=\"234\"><strong>Origine \u2013 r\u00e9gion <\/strong><\/td>\n<td width=\"235\">Nahe\/Langenlohnsheimer Steinchen<\/td>\n<\/tr>\n<tr>\n<td width=\"234\"><strong>Type de vin<\/strong><\/td>\n<td width=\"235\">blanc<\/td>\n<\/tr>\n<tr>\n<td width=\"234\"><strong> Vari\u00e9t\u00e9 de raisin <\/strong><\/td>\n<td width=\"235\">Ortega<\/td>\n<\/tr>\n<tr>\n<td width=\"234\"><strong>Qualit\u00e9 <\/strong><\/td>\n<td width=\"235\">s\u00e9lection<\/td>\n<\/tr>\n<tr>\n<td width=\"234\"><strong>Teneur en alcool <\/strong><\/td>\n<td width=\"235\">10.0 % vol<\/td>\n<\/tr>\n<tr>\n<td width=\"234\"><strong>Buvabilit\u00e9 <\/strong><\/td>\n<td width=\"235\">Maintenant\/2-3 ans<\/td>\n<\/tr>\n<tr>\n<td width=\"234\"><strong>Temp\u00e9rature de consommation<\/strong><\/td>\n<td width=\"235\">7-9 \u00b0 Celsius<\/td>\n<\/tr>\n<\/tbody>\n<\/table>\n<p><strong>D\u00e9couverte :<\/strong> \u00e0 l&rsquo;abri des hauteurs de la for\u00eat de Soon et des montagnes du Palatinat se trouve la Nahe, dans l&rsquo;une des r\u00e9gions les moins pluvieuses d&rsquo;Allemagne. Il n&rsquo;est donc pas surprenant que les Romains aient d\u00e9couvert cette magnifique parcelle de terre viticole, qui joue aujourd&rsquo;hui un r\u00f4le important dans la structure \u00e9conomique de toute la r\u00e9gion. Le vin Nahe est tr\u00e8s vari\u00e9 et riche en nuances, le Nahe est \u00e9galement connu comme la \u00absalle de d\u00e9gustation en Allemagne\u00bb. La cave Johannes Haas est une entreprise familiale depuis sa cr\u00e9ation en 1919. Il est g\u00e9r\u00e9 dans la 3\u00e8me g\u00e9n\u00e9ration par le propri\u00e9taire Thomas Haas. Aujourd&rsquo;hui, 10 hectares de vignes, pour la plupart expos\u00e9s plein sud, font partie du domaine. Thomas Haas investit tout dans la production de ses vins: Expertise, souci du d\u00e9tail, engagement et technologie moderne. Dans l&rsquo;expansion des vins, l&rsquo;exp\u00e9rience qui a grandi dans l&rsquo;histoire de la cave se conjugue avec les r\u00e9alisations de l&rsquo;\u0153nologie contemporaine. Il en r\u00e9sulte des vins qui refl\u00e8tent les qualit\u00e9s de leur r\u00e9gion de production, le Naheland : authentiques, sans fioritures et proches du terroir, int\u00e9ressants et riches en facettes.<\/p>\n<p><strong>Caract\u00e8re :<\/strong> le c\u00e9page blanc Ortega est issu d&rsquo;un croisement entre le M\u00fcller Thurgau et le Siegerrebe et est une vari\u00e9t\u00e9 pure depuis 1981. Notre Ortega a un bouquet d\u00e9licat avec des ar\u00f4mes fruit\u00e9s comme la p\u00eache et peu d&rsquo;acidit\u00e9.<\/p>\n<p><strong>D\u00e9gustation:<\/strong> Dans le verre, il pr\u00e9sente sa magnifique couleur jaune miel et au nez, il attire les fruits brillants et suaves. En bouche, il se montre cr\u00e9meux, \u00e9l\u00e9gant et avec une finale fra\u00eeche.<\/p>\n<p><strong>Recommandation culinaire :<\/strong> les vins doux doivent id\u00e9alement \u00eatre consomm\u00e9s entre 10 et 12 degr\u00e9s Celsius. \u00c0 cette temp\u00e9rature, le sucre ne semble pas trop envahissant et l&rsquo;ar\u00f4me peut quand m\u00eame bien se d\u00e9velopper. Un fromage bleu comme le Roquefort ou le Blue Stilton et un fromage de Brie se marient parfaitement avec ce vin. Il fait \u00e9galement tr\u00e8s bonne figure avec les plats asiatiques. Et un plaisir en bouche pour des heures agr\u00e9ables, \u00e0 savourer tout simplement. <\/p>\n\t\t\t\t\t\t\t\t<\/div>\n\t\t\t\t<\/div>\n\t\t\t\t\t<\/div>\n\t\t<\/div>\n\t\t\t\t\t<\/div>\n\t\t<\/section>\n\t\t\t\t<\/div>\n\t\t","protected":false},"excerpt":{"rendered":"<p>Le vin blanc Ortega est un croisement entre le M\u00fcller Thurgau et le Siegerrebe et est une vari\u00e9t\u00e9 pure depuis 1981. Notre Ortega a un bouquet d\u00e9licat avec des ar\u00f4mes fruit\u00e9s comme la p\u00eache et peu d&rsquo;acidit\u00e9.<\/p>\n","protected":false},"featured_media":8842,"comment_status":"open","ping_status":"closed","template":"","meta":[],"product_brand":[],"product_cat":[73,71],"product_tag":[],"class_list":{"0":"post-8839","1":"product","2":"type-product","3":"status-publish","4":"has-post-thumbnail","6":"product_cat-vin-blanc","7":"product_cat-vins-importe","9":"first","10":"outofstock","11":"shipping-taxable","12":"purchasable","13":"product-type-simple"},"_links":{"self":[{"href":"https:\/\/www.cinaweine.ch\/fr\/wp-json\/wp\/v2\/product\/8839","targetHints":{"allow":["GET"]}}],"collection":[{"href":"https:\/\/www.cinaweine.ch\/fr\/wp-json\/wp\/v2\/product"}],"about":[{"href":"https:\/\/www.cinaweine.ch\/fr\/wp-json\/wp\/v2\/types\/product"}],"replies":[{"embeddable":true,"href":"https:\/\/www.cinaweine.ch\/fr\/wp-json\/wp\/v2\/comments?post=8839"}],"version-history":[{"count":3,"href":"https:\/\/www.cinaweine.ch\/fr\/wp-json\/wp\/v2\/product\/8839\/revisions"}],"predecessor-version":[{"id":22405,"href":"https:\/\/www.cinaweine.ch\/fr\/wp-json\/wp\/v2\/product\/8839\/revisions\/22405"}],"wp:featuredmedia":[{"embeddable":true,"href":"https:\/\/www.cinaweine.ch\/fr\/wp-json\/wp\/v2\/media\/8842"}],"wp:attachment":[{"href":"https:\/\/www.cinaweine.ch\/fr\/wp-json\/wp\/v2\/media?parent=8839"}],"wp:term":[{"taxonomy":"product_brand","embeddable":true,"href":"https:\/\/www.cinaweine.ch\/fr\/wp-json\/wp\/v2\/product_brand?post=8839"},{"taxonomy":"product_cat","embeddable":true,"href":"https:\/\/www.cinaweine.ch\/fr\/wp-json\/wp\/v2\/product_cat?post=8839"},{"taxonomy":"product_tag","embeddable":true,"href":"https:\/\/www.cinaweine.ch\/fr\/wp-json\/wp\/v2\/product_tag?post=8839"}],"curies":[{"name":"wp","href":"https:\/\/api.w.org\/{rel}","templated":true}]}}