{"id":8833,"date":"2022-02-03T09:31:06","date_gmt":"2022-02-03T09:31:07","guid":{"rendered":"https:\/\/cinaweine.shop\/?post_type=product&#038;p=8833"},"modified":"2025-01-21T13:40:09","modified_gmt":"2025-01-21T12:40:09","slug":"arneis-roero-povero","status":"publish","type":"product","link":"https:\/\/www.cinaweine.ch\/fr\/produit\/arneis-roero-povero\/","title":{"rendered":"Arneis Roero Povero"},"content":{"rendered":"\t\t<div data-elementor-type=\"wp-post\" data-elementor-id=\"8833\" class=\"elementor elementor-8833\">\n\t\t\t\t\t\t<section class=\"elementor-section elementor-top-section elementor-element elementor-element-31da31f4 elementor-section-boxed elementor-section-height-default elementor-section-height-default wd-section-disabled\" data-id=\"31da31f4\" data-element_type=\"section\" data-e-type=\"section\">\n\t\t\t\t\t\t<div class=\"elementor-container elementor-column-gap-default\">\n\t\t\t\t\t<div class=\"elementor-column elementor-col-100 elementor-top-column elementor-element elementor-element-201a3f75\" data-id=\"201a3f75\" data-element_type=\"column\" data-e-type=\"column\">\n\t\t\t<div class=\"elementor-widget-wrap elementor-element-populated\">\n\t\t\t\t\t\t<div class=\"elementor-element elementor-element-52f19e20 color-scheme-inherit text-left elementor-widget elementor-widget-text-editor\" data-id=\"52f19e20\" data-element_type=\"widget\" data-e-type=\"widget\" data-widget_type=\"text-editor.default\">\n\t\t\t\t<div class=\"elementor-widget-container\">\n\t\t\t\t\t\t\t\t\t<\/p>\n<table>\n<tbody>\n<tr>\n<td width=\"234\"><strong>Contenu<\/strong><\/td>\n<td width=\"235\"><strong>75 cl<\/strong><\/td>\n<\/tr>\n<tr>\n<td width=\"234\"><strong>Pays d\u2019origine<\/strong><\/td>\n<td width=\"235\">Italie<\/td>\n<\/tr>\n<tr>\n<td width=\"234\"><strong>Origine \u2013 r\u00e9gion <\/strong><\/td>\n<td width=\"235\">Piemont<\/td>\n<\/tr>\n<tr>\n<td width=\"234\"><strong>Type de vin<\/strong><\/td>\n<td width=\"235\">blanc<\/td>\n<\/tr>\n<tr>\n<td width=\"234\"><strong> Vari\u00e9t\u00e9 de rasin <\/strong><\/td>\n<td width=\"235\">Arneis<\/td>\n<\/tr>\n<tr>\n<td width=\"234\"><strong>Qualit\u00e9 <\/strong><\/td>\n<td width=\"235\">DOCG<\/td>\n<\/tr>\n<tr>\n<td width=\"234\"><strong>Teneur en alcool <\/strong><\/td>\n<td width=\"235\">13.0 % vol<\/td>\n<\/tr>\n<tr>\n<td width=\"234\"><strong>Buvabilit\u00e9 <\/strong><\/td>\n<td width=\"235\">Maintenent\/8-10 ans<\/td>\n<\/tr>\n<tr>\n<td width=\"234\"><strong>Temp\u00e9rature de consommation <\/strong><\/td>\n<td width=\"235\">18-20 \u00b0 Celsius<\/td>\n<\/tr>\n<\/tbody>\n<\/table>\n<p><strong>D\u00e9couverte :<\/strong> <strong>\u00ab\u00a0Un petit village ancien avec peu de maisons et une petite \u00e9glise\u00a0\u00bb.<\/strong> La simplicit\u00e9 et l&rsquo;authenticit\u00e9 d&rsquo;un village rural, racont\u00e9es par le parfum enivrant de nos vins. Les anciennes caves Borgo Lame sont n\u00e9es au c\u0153ur du Pi\u00e9mont dans la Cisterna d&rsquo;Asti. Dans ce petit village entre Langhe, Roero et Monferrato au terroir unique, une famille d&rsquo;agriculteurs a patiemment travaill\u00e9 dans le pays pendant des ann\u00e9es et transmis la sagesse de la viticulture et de la vinification de p\u00e8re en fils.<br \/>Des tons rouges fruit\u00e9s aux ar\u00f4mes intenses qui se marient avec \u00e9l\u00e9gance et sobri\u00e9t\u00e9 avec la nourriture de tous les jours Des vins blancs frais et min\u00e9raux qui \u00e9voquent des zones sablonneuses d&rsquo;origine ancienne. L&rsquo;ar\u00f4me doux et unique du Moscato, adapt\u00e9 aux occasions sp\u00e9ciales et aux vacances. Les vins Borgo Lame racontent des histoires de personnes g\u00e9n\u00e9reuses, d&rsquo;attentes romantiques, de regards timides et de travail patient. De notre vraie, vraie vie.<\/p>\n<p><strong>Caract\u00e8re:<\/strong> Ce Roero Arneis est \u00e9labor\u00e9 pendant 10 heures avec une mac\u00e9ration \u00e0 froid, c&rsquo;est-\u00e0-dire que le mo\u00fbt repose sur le mo\u00fbt pendant une courte p\u00e9riode, avec des temp\u00e9ratures basses pr\u00e9dominantes. Cela favorise le transfert des ar\u00f4mes et des colorants et emp\u00eache le d\u00e9but de la fermentation alcoolique.<\/p>\n<p><strong>D\u00e9gustation :<\/strong> Sous le nom de Renesium et Ornesio, ce c\u00e9page est connu et largement r\u00e9pandu en Italie depuis le 15e si\u00e8cle. On l&rsquo;utilisait surtout comme vin d&rsquo;assemblage pour abaisser la duret\u00e9 des tanins dans le nebbiolo et le barolo. C&rsquo;est pourquoi le c\u00e9page Arneis porte le surnom de <strong>\u00ab\u00a0Barolo bianco\u00a0\u00bb<\/strong>. Cet Arneis sec est doux sur la langue, s\u00e9duit par sa magnifique robe jaune paille aux reflets verd\u00e2tres dans le verre et ses ar\u00f4mes de fruits exotiques ainsi qu&rsquo;un peu miell\u00e9s et herbac\u00e9s avec une finale \u00e9pic\u00e9e.<\/p>\n<p><strong>Recommandations culinaires :<\/strong> Se marie parfaitement avec un d\u00e9licieux filet de sandre, une soupe de l\u00e9gumes, du poulet ainsi que des fromages affin\u00e9s. Un Italien blanc dont on tombe amoureux. <\/p>\n\t\t\t\t\t\t\t\t<\/div>\n\t\t\t\t<\/div>\n\t\t\t\t\t<\/div>\n\t\t<\/div>\n\t\t\t\t\t<\/div>\n\t\t<\/section>\n\t\t\t\t<\/div>\n\t\t","protected":false},"excerpt":{"rendered":"<p>Ce Roero Arneis est \u00e9labor\u00e9 pendant 10 heures avec une mac\u00e9ration \u00e0 froid, c&rsquo;est-\u00e0-dire que le mo\u00fbt repose sur le mo\u00fbt pendant une courte p\u00e9riode, avec des temp\u00e9ratures basses pr\u00e9dominantes. Cela favorise le transfert des ar\u00f4mes et des colorants et emp\u00eache le d\u00e9but de la fermentation alcoolique.<\/p>\n","protected":false},"featured_media":8836,"comment_status":"open","ping_status":"closed","template":"","meta":[],"product_brand":[],"product_cat":[73,71],"product_tag":[],"class_list":{"0":"post-8833","1":"product","2":"type-product","3":"status-publish","4":"has-post-thumbnail","6":"product_cat-vin-blanc","7":"product_cat-vins-importe","9":"first","10":"outofstock","11":"shipping-taxable","12":"purchasable","13":"product-type-simple"},"_links":{"self":[{"href":"https:\/\/www.cinaweine.ch\/fr\/wp-json\/wp\/v2\/product\/8833","targetHints":{"allow":["GET"]}}],"collection":[{"href":"https:\/\/www.cinaweine.ch\/fr\/wp-json\/wp\/v2\/product"}],"about":[{"href":"https:\/\/www.cinaweine.ch\/fr\/wp-json\/wp\/v2\/types\/product"}],"replies":[{"embeddable":true,"href":"https:\/\/www.cinaweine.ch\/fr\/wp-json\/wp\/v2\/comments?post=8833"}],"version-history":[{"count":0,"href":"https:\/\/www.cinaweine.ch\/fr\/wp-json\/wp\/v2\/product\/8833\/revisions"}],"wp:featuredmedia":[{"embeddable":true,"href":"https:\/\/www.cinaweine.ch\/fr\/wp-json\/wp\/v2\/media\/8836"}],"wp:attachment":[{"href":"https:\/\/www.cinaweine.ch\/fr\/wp-json\/wp\/v2\/media?parent=8833"}],"wp:term":[{"taxonomy":"product_brand","embeddable":true,"href":"https:\/\/www.cinaweine.ch\/fr\/wp-json\/wp\/v2\/product_brand?post=8833"},{"taxonomy":"product_cat","embeddable":true,"href":"https:\/\/www.cinaweine.ch\/fr\/wp-json\/wp\/v2\/product_cat?post=8833"},{"taxonomy":"product_tag","embeddable":true,"href":"https:\/\/www.cinaweine.ch\/fr\/wp-json\/wp\/v2\/product_tag?post=8833"}],"curies":[{"name":"wp","href":"https:\/\/api.w.org\/{rel}","templated":true}]}}