{"id":8822,"date":"2022-02-03T08:53:14","date_gmt":"2022-02-03T08:53:14","guid":{"rendered":"https:\/\/cinaweine.shop\/?post_type=product&#038;p=8822"},"modified":"2025-01-21T13:40:13","modified_gmt":"2025-01-21T12:40:13","slug":"riviera-del-garda-classico-rosso-citari","status":"publish","type":"product","link":"https:\/\/www.cinaweine.ch\/fr\/produit\/riviera-del-garda-classico-rosso-citari\/","title":{"rendered":"Riviera del Garda Classico Rosso Citari"},"content":{"rendered":"\t\t<div data-elementor-type=\"wp-post\" data-elementor-id=\"8822\" class=\"elementor elementor-8822\">\n\t\t\t\t\t\t<section class=\"wd-negative-gap elementor-section elementor-top-section elementor-element elementor-element-3d3e33f3 elementor-section-boxed elementor-section-height-default elementor-section-height-default wd-section-disabled\" data-id=\"3d3e33f3\" data-element_type=\"section\" data-e-type=\"section\">\n\t\t\t\t\t\t<div class=\"elementor-container elementor-column-gap-default\">\n\t\t\t\t\t<div class=\"elementor-column elementor-col-100 elementor-top-column elementor-element elementor-element-5f16783f\" data-id=\"5f16783f\" data-element_type=\"column\" data-e-type=\"column\">\n\t\t\t<div class=\"elementor-widget-wrap elementor-element-populated\">\n\t\t\t\t\t\t<div class=\"elementor-element elementor-element-641f035 color-scheme-inherit text-left elementor-widget elementor-widget-text-editor\" data-id=\"641f035\" data-element_type=\"widget\" data-e-type=\"widget\" data-widget_type=\"text-editor.default\">\n\t\t\t\t<div class=\"elementor-widget-container\">\n\t\t\t\t\t\t\t\t\t<\/p>\n<table>\n<tbody>\n<tr>\n<td width=\"227\"><strong>Contenu<\/strong><\/td>\n<td width=\"229\"><strong>75 cl<\/strong><\/td>\n<\/tr>\n<tr>\n<td width=\"227\"><strong>Pays d\u2019origine <\/strong><\/td>\n<td width=\"229\">Italie<\/td>\n<\/tr>\n<tr>\n<td width=\"227\"><strong>Origine \u2013 r\u00e9gion <\/strong><\/td>\n<td width=\"229\">Lombardie, Lac de Garda<\/td>\n<\/tr>\n<tr>\n<td width=\"227\"><strong>Type de vin<\/strong><\/td>\n<td width=\"229\">rouge<\/td>\n<\/tr>\n<tr>\n<td width=\"227\"><strong> Vari\u00e9t\u00e9 de rasin <\/strong><\/td>\n<td width=\"229\">Groppello, Sangiovese, Barbera, Marzemino<\/td>\n<\/tr>\n<tr>\n<td width=\"227\"><strong>Qualit\u00e9 <\/strong><\/td>\n<td width=\"229\">DOC<\/td>\n<\/tr>\n<tr>\n<td width=\"227\"><strong>Teneur en alcool <\/strong><\/td>\n<td width=\"229\">14 % vol<\/td>\n<\/tr>\n<tr>\n<td width=\"227\"><strong>Buvabilit\u00e9 <\/strong><\/td>\n<td width=\"229\">maintenant\/4-6 ans<\/td>\n<\/tr>\n<tr>\n<td width=\"227\"><strong>Temp\u00e9rature de consommation <\/strong><\/td>\n<td width=\"229\">18-20 \u00b0 Celsius<\/td>\n<\/tr>\n<\/tbody>\n<\/table>\n<p><strong>D\u00e9couverte : <\/strong>Le domaine viticole Citari a \u00e9t\u00e9 fond\u00e9 en 1975 par Francesco Gettuli et est aujourd&rsquo;hui g\u00e9r\u00e9 par sa fille Giovanna et ses enfants Francesco et Maria Giovanna. Il est situ\u00e9 sur la rive sud du lac de Garde pr\u00e8s de Desenzano del Garda, sur la colline de San Martino. C&rsquo;est un endroit important dans l&rsquo;histoire de l&rsquo;Italie &#8211; San Martino della Battaglia. Cet endroit est connu pour la bataille entre Italiens et Autrichiens qui a eu lieu le 24 juin 1859. En souvenir de cet \u00e9v\u00e9nement sanglant, une tour de 74 m\u00e8tres de haut a \u00e9t\u00e9 construite entre 1880 et 1893. Chaque nuit, trois rayons de lumi\u00e8re du drapeau tricolore italien se refl\u00e8tent sur le sommet de la tour. La cave Citari s&rsquo;\u00e9tend sur 30 hectares et est situ\u00e9e directement derri\u00e8re cette tour historique de San Martino.<\/p>\n<p><strong>D\u00e9gustation :<\/strong> Ce vin rouge aux reflets rubis lumineux dans le verre s\u00e9duit par ses notes agr\u00e9ables et fra\u00eeches de baies rouges. En bouche, il y a un soup\u00e7on de compote de fruits frais et de cerises rouges ainsi qu&rsquo;une finale \u00e9pic\u00e9e. Peut \u00eatre bu l\u00e9g\u00e8rement rafra\u00eechi pendant les chaudes journ\u00e9es d&rsquo;\u00e9t\u00e9.<\/p>\n<p><strong>Recommandations culinaires : S&rsquo;accorde parfaitement avec la cuisine italienne comme le carpaccio de b\u0153uf et\/ou un beau b\u0153uf accompagn\u00e9 d&rsquo;une sauce au poivre ou d&rsquo;un tartare de b\u0153uf ou un barbecue culinaire estival.<\/strong> <\/p>\n\t\t\t\t\t\t\t\t<\/div>\n\t\t\t\t<\/div>\n\t\t\t\t\t<\/div>\n\t\t<\/div>\n\t\t\t\t\t<\/div>\n\t\t<\/section>\n\t\t\t\t<\/div>\n\t\t","protected":false},"excerpt":{"rendered":"<p>Ce vin rouge aux reflets rubis lumineux dans le verre s\u00e9duit par ses notes agr\u00e9ables et fra\u00eeches de baies rouges. En bouche, il y a un soup\u00e7on de compote de fruits frais et de cerises rouges ainsi qu&rsquo;une finale \u00e9pic\u00e9e. Peut \u00eatre bu l\u00e9g\u00e8rement rafra\u00eechi pendant les chaudes journ\u00e9es d&rsquo;\u00e9t\u00e9.<\/p>\n","protected":false},"featured_media":8825,"comment_status":"open","ping_status":"closed","template":"","meta":[],"product_brand":[],"product_cat":[72,71],"product_tag":[],"class_list":{"0":"post-8822","1":"product","2":"type-product","3":"status-publish","4":"has-post-thumbnail","6":"product_cat-vins-rouges","7":"product_cat-vins-importe","9":"first","10":"outofstock","11":"shipping-taxable","12":"purchasable","13":"product-type-simple"},"_links":{"self":[{"href":"https:\/\/www.cinaweine.ch\/fr\/wp-json\/wp\/v2\/product\/8822","targetHints":{"allow":["GET"]}}],"collection":[{"href":"https:\/\/www.cinaweine.ch\/fr\/wp-json\/wp\/v2\/product"}],"about":[{"href":"https:\/\/www.cinaweine.ch\/fr\/wp-json\/wp\/v2\/types\/product"}],"replies":[{"embeddable":true,"href":"https:\/\/www.cinaweine.ch\/fr\/wp-json\/wp\/v2\/comments?post=8822"}],"version-history":[{"count":2,"href":"https:\/\/www.cinaweine.ch\/fr\/wp-json\/wp\/v2\/product\/8822\/revisions"}],"predecessor-version":[{"id":21533,"href":"https:\/\/www.cinaweine.ch\/fr\/wp-json\/wp\/v2\/product\/8822\/revisions\/21533"}],"wp:featuredmedia":[{"embeddable":true,"href":"https:\/\/www.cinaweine.ch\/fr\/wp-json\/wp\/v2\/media\/8825"}],"wp:attachment":[{"href":"https:\/\/www.cinaweine.ch\/fr\/wp-json\/wp\/v2\/media?parent=8822"}],"wp:term":[{"taxonomy":"product_brand","embeddable":true,"href":"https:\/\/www.cinaweine.ch\/fr\/wp-json\/wp\/v2\/product_brand?post=8822"},{"taxonomy":"product_cat","embeddable":true,"href":"https:\/\/www.cinaweine.ch\/fr\/wp-json\/wp\/v2\/product_cat?post=8822"},{"taxonomy":"product_tag","embeddable":true,"href":"https:\/\/www.cinaweine.ch\/fr\/wp-json\/wp\/v2\/product_tag?post=8822"}],"curies":[{"name":"wp","href":"https:\/\/api.w.org\/{rel}","templated":true}]}}