{"id":6647,"date":"2021-03-25T06:01:49","date_gmt":"2021-03-25T06:01:49","guid":{"rendered":"https:\/\/cinaweine.shop\/product\/fabio-contato-garda-rosso\/"},"modified":"2022-12-12T13:31:03","modified_gmt":"2022-12-12T12:31:03","slug":"fabio-contato-garda-rosso","status":"publish","type":"product","link":"https:\/\/www.cinaweine.ch\/fr\/produit\/fabio-contato-garda-rosso\/","title":{"rendered":"Fabio Contato Garda Rosso"},"content":{"rendered":"\t\t<div data-elementor-type=\"wp-post\" data-elementor-id=\"6647\" class=\"elementor elementor-6647 elementor-2645\">\n\t\t\t\t\t\t<section class=\"elementor-section elementor-top-section elementor-element elementor-element-56077fd0 elementor-section-boxed elementor-section-height-default elementor-section-height-default wd-section-disabled\" data-id=\"56077fd0\" data-element_type=\"section\" data-e-type=\"section\">\n\t\t\t\t\t\t<div class=\"elementor-container elementor-column-gap-default\">\n\t\t\t\t\t<div class=\"elementor-column elementor-col-100 elementor-top-column elementor-element elementor-element-79c48178\" data-id=\"79c48178\" data-element_type=\"column\" data-e-type=\"column\">\n\t\t\t<div class=\"elementor-widget-wrap elementor-element-populated\">\n\t\t\t\t\t\t<div class=\"elementor-element elementor-element-62a71105 color-scheme-inherit text-left elementor-widget elementor-widget-text-editor\" data-id=\"62a71105\" data-element_type=\"widget\" data-e-type=\"widget\" data-widget_type=\"text-editor.default\">\n\t\t\t\t<div class=\"elementor-widget-container\">\n\t\t\t\t\t\t\t\t\t<\/p>\n<table>\n<tbody>\n<tr>\n<td width=\"234\"><strong>Contenu<\/strong><\/td>\n<td width=\"235\"><strong>75 cl<\/strong><\/td>\n<\/tr>\n<tr>\n<td width=\"234\"><strong>Pays d\u2019origine <\/strong><\/td>\n<td width=\"235\">Italie<\/td>\n<\/tr>\n<tr>\n<td width=\"234\"><strong>Origine \u2013 r\u00e9gion <\/strong><\/td>\n<td width=\"235\">Lombardie<\/td>\n<\/tr>\n<tr>\n<td width=\"234\"><strong>Type de vin<\/strong><\/td>\n<td width=\"235\">rouge<\/td>\n<\/tr>\n<tr>\n<td width=\"234\"><strong> Vari\u00e9t\u00e9 de raisin <\/strong><\/td>\n<td width=\"235\">Cuv\u00e9e<\/td>\n<\/tr>\n<tr>\n<td width=\"234\"><strong>Qualit\u00e9 <\/strong><\/td>\n<td width=\"235\">D.O.P.<\/td>\n<\/tr>\n<tr>\n<td width=\"234\"><strong>Teneur en alcool <\/strong><\/td>\n<td width=\"235\">14.0 % vol<\/td>\n<\/tr>\n<tr>\n<td width=\"234\"><strong>Buvabilit\u00e9 <\/strong><\/td>\n<td width=\"235\">Maintenent\/8-10 ans<\/td>\n<\/tr>\n<tr>\n<td width=\"234\"><strong>Temp\u00e9rature de consommation <\/strong><\/td>\n<td width=\"235\">18-20 \u00b0 Celsius<\/td>\n<\/tr>\n<\/tbody>\n<\/table>\n<p><b>D\u00e9couverte: <\/b><span style=\"font-weight: 400;\">Le pays de Luganas s&rsquo;\u00e9tend entre les rives sud du lac de Garde et les spectaculaires collines morainiques cr\u00e9\u00e9es par les mouvements glaciaires de la derni\u00e8re p\u00e9riode glaciaire. Cinq communes atmosph\u00e9riques appartiennent \u00e0 cette zone entre le lac et le paysage vallonn\u00e9: Desenzano del Garda, Sirmione, Pozzolengo et Lonato dans la province de Brescia et Peschiera del Garda dans la province de V\u00e9rone. Les faibles pr\u00e9cipitations et le sol calcaire, dont la sp\u00e9cialit\u00e9 sont les couches d&rsquo;argile qui le traversent, cr\u00e9ent l&rsquo;environnement id\u00e9al pour la production de Lugana. Sa r\u00e9gion d&rsquo;origine lui donne non seulement son nom, mais aussi les senteurs de sa nature, la douceur de son climat, la souplesse du lac et la puissance des collines qui encadrent le paysage.<\/span> <span style=\"font-weight: 400;\">Gr\u00e2ce \u00e0 ce microclimat favorable, non seulement les vignes des vari\u00e9t\u00e9s locales Groppello et Marzemino peuvent pousser et s&rsquo;\u00e9panouir ici, mais aussi des arbres impressionnants avec des olives et des agrumes.<\/span><\/p>\n<p><strong>Caract\u00e8re :<\/strong> Ce vin rouge du Valt\u00e8nesi est cr\u00e9\u00e9 avec la m\u00eame philosophie de production que le Lugana Fabio Contato, dont le nom est synonyme de la plus haute qualit\u00e9. Le vin est bas\u00e9 sur une s\u00e9lection de raisins des lieux historiques de Valt\u00e8nesi; ils sont cueillis \u00e0 la main dans les derni\u00e8res semaines d&rsquo;octobre puis s\u00e9ch\u00e9s dans de petites bo\u00eetes dans une pi\u00e8ce \u00e0 humidit\u00e9 contr\u00f4l\u00e9e pendant environ 2 mois. Le vin est \u00e9lev\u00e9 en f\u00fbts de ch\u00eane fran\u00e7ais pendant environ 24 mois. Cela souligne sa grande expressivit\u00e9, sa structure impressionnante et sa longue finale en bouche.<\/p>\n<p><strong>D\u00e9gustation :<\/strong> Les c\u00e9pages Groppello, Barbera, Sangiovese et Marzemino d\u00e9veloppent une belle couleur rouge rubis vive. Le bouquet r\u00e9v\u00e8le des ar\u00f4mes secondaires de m\u00fbres, de feuilles de laurier et de l\u00e9g\u00e8res nuances de g\u00e9raniums. Tannin ample et rond, bien int\u00e9gr\u00e9 avec des composants fruit\u00e9s, l&rsquo;acidit\u00e9 cr\u00e9e une belle connexion.<\/p>\n<p><strong>Conseil culinaire :<\/strong> Accompagne les viandes rouges, les gibiers, la Fondue Chinoise et les fromages \u00e0 p\u00e2te dure affin\u00e9s. <\/p>\n\t\t\t\t\t\t\t\t<\/div>\n\t\t\t\t<\/div>\n\t\t\t\t\t<\/div>\n\t\t<\/div>\n\t\t\t\t\t<\/div>\n\t\t<\/section>\n\t\t\t\t<\/div>\n\t\t","protected":false},"excerpt":{"rendered":"<p>Les raisins Groppello, Barbera, Sangiovese et Marzemino d\u00e9veloppent une belle couleur rouge rubis vif.<\/p>\n","protected":false},"featured_media":8462,"comment_status":"open","ping_status":"closed","template":"","meta":[],"product_brand":[],"product_cat":[72,71],"product_tag":[],"class_list":{"0":"post-6647","1":"product","2":"type-product","3":"status-publish","4":"has-post-thumbnail","6":"product_cat-vins-rouges","7":"product_cat-vins-importe","9":"first","10":"outofstock","11":"shipping-taxable","12":"purchasable","13":"product-type-simple"},"_links":{"self":[{"href":"https:\/\/www.cinaweine.ch\/fr\/wp-json\/wp\/v2\/product\/6647","targetHints":{"allow":["GET"]}}],"collection":[{"href":"https:\/\/www.cinaweine.ch\/fr\/wp-json\/wp\/v2\/product"}],"about":[{"href":"https:\/\/www.cinaweine.ch\/fr\/wp-json\/wp\/v2\/types\/product"}],"replies":[{"embeddable":true,"href":"https:\/\/www.cinaweine.ch\/fr\/wp-json\/wp\/v2\/comments?post=6647"}],"version-history":[{"count":0,"href":"https:\/\/www.cinaweine.ch\/fr\/wp-json\/wp\/v2\/product\/6647\/revisions"}],"wp:featuredmedia":[{"embeddable":true,"href":"https:\/\/www.cinaweine.ch\/fr\/wp-json\/wp\/v2\/media\/8462"}],"wp:attachment":[{"href":"https:\/\/www.cinaweine.ch\/fr\/wp-json\/wp\/v2\/media?parent=6647"}],"wp:term":[{"taxonomy":"product_brand","embeddable":true,"href":"https:\/\/www.cinaweine.ch\/fr\/wp-json\/wp\/v2\/product_brand?post=6647"},{"taxonomy":"product_cat","embeddable":true,"href":"https:\/\/www.cinaweine.ch\/fr\/wp-json\/wp\/v2\/product_cat?post=6647"},{"taxonomy":"product_tag","embeddable":true,"href":"https:\/\/www.cinaweine.ch\/fr\/wp-json\/wp\/v2\/product_tag?post=6647"}],"curies":[{"name":"wp","href":"https:\/\/api.w.org\/{rel}","templated":true}]}}