{"id":6630,"date":"2021-03-25T06:01:49","date_gmt":"2021-04-23T12:43:24","guid":{"rendered":"https:\/\/cinaweine.shop\/product\/ripasso-doc-classico-bieti\/"},"modified":"2022-12-13T09:23:26","modified_gmt":"2022-12-13T08:23:26","slug":"ripasso-doc-classico-bieti","status":"publish","type":"product","link":"https:\/\/www.cinaweine.ch\/fr\/produit\/ripasso-doc-classico-bieti\/","title":{"rendered":"Ripasso DOC Classico Bieti"},"content":{"rendered":"\t\t<div data-elementor-type=\"wp-post\" data-elementor-id=\"6630\" class=\"elementor elementor-6630 elementor-2648\">\n\t\t\t\t\t\t<section class=\"elementor-section elementor-top-section elementor-element elementor-element-9aecb6e elementor-section-boxed elementor-section-height-default elementor-section-height-default wd-section-disabled\" data-id=\"9aecb6e\" data-element_type=\"section\" data-e-type=\"section\">\n\t\t\t\t\t\t<div class=\"elementor-container elementor-column-gap-default\">\n\t\t\t\t\t<div class=\"elementor-column elementor-col-100 elementor-top-column elementor-element elementor-element-61f51b8f\" data-id=\"61f51b8f\" data-element_type=\"column\" data-e-type=\"column\">\n\t\t\t<div class=\"elementor-widget-wrap elementor-element-populated\">\n\t\t\t\t\t\t<div class=\"elementor-element elementor-element-53f83eb2 color-scheme-inherit text-left elementor-widget elementor-widget-text-editor\" data-id=\"53f83eb2\" data-element_type=\"widget\" data-e-type=\"widget\" data-widget_type=\"text-editor.default\">\n\t\t\t\t<div class=\"elementor-widget-container\">\n\t\t\t\t\t\t\t\t\t<\/p>\n<table>\n<tbody>\n<tr>\n<td width=\"234\"><strong>Contenu<\/strong><\/td>\n<td width=\"235\"><strong>75 cl<\/strong><\/td>\n<\/tr>\n<tr>\n<td width=\"234\"><strong>Pays d\u2019origine <\/strong><\/td>\n<td width=\"235\">Italie<\/td>\n<\/tr>\n<tr>\n<td width=\"234\"><strong>Origine \u2013 r\u00e9gion <\/strong><\/td>\n<td width=\"235\">Negrar\/Valpolicella<\/td>\n<\/tr>\n<tr>\n<td width=\"234\"><strong>Type de vin<\/strong><\/td>\n<td width=\"235\">rouge<\/td>\n<\/tr>\n<tr>\n<td width=\"234\"><strong> Vari\u00e9t\u00e9 de raisin <\/strong><\/td>\n<td width=\"235\">Corvina, Rondinella, Molinara<\/td>\n<\/tr>\n<tr>\n<td width=\"234\"><strong>Qualit\u00e9 <\/strong><\/td>\n<td width=\"235\">DOC<\/td>\n<\/tr>\n<tr>\n<td width=\"234\"><strong>Teneur en alcool <\/strong><\/td>\n<td width=\"235\">13.5 % vol<\/td>\n<\/tr>\n<tr>\n<td width=\"234\"><strong>Buvabilit\u00e9 <\/strong><\/td>\n<td width=\"235\">Maintenant\/5-6 ans<\/td>\n<\/tr>\n<tr>\n<td width=\"234\"><strong>Temp\u00e9rature de consommation <\/strong><\/td>\n<td width=\"235\">18-20 \u00b0 Celsius<\/td>\n<\/tr>\n<\/tbody>\n<\/table>\n<p><b>D\u00e9couverte: <\/b><span style=\"font-weight: 400;\">Vigna 800 est un joyau d&rsquo;une cave qui poss\u00e8de \u00e9galement un terroir unique. Il est situ\u00e9 dans la meilleure zone de colline pr\u00e8s de Negrar, au c\u0153ur de la Valpolicella Classico. La nature du sol, un microclimat unique et l&rsquo;alignement optimal des vignes ainsi que l&#8217;emplacement sur\u00e9lev\u00e9 caract\u00e9risent la qualit\u00e9 de premi\u00e8re classe des vins. La cave a des conditions id\u00e9ales et le potentiel de produire des vins de caract\u00e8re et durables qui produisent de la race et de la classe. La base en sont de tr\u00e8s vieilles vignes, une s\u00e9lection rigoureuse des meilleurs vignobles, des rendements faibles et une r\u00e9colte manuelle sans compromis des raisins ainsi qu&rsquo;un traitement soign\u00e9 et moderne des raisins en cave. <\/span><\/p>\n<p><b>personnage : <\/b><span style=\"font-weight: 400;\">Un nez vineux et expressif de fruits rouges et de notes florales claires, d&rsquo;abricots secs et de raisins secs. Tr\u00e8s fruit\u00e9 en bouche, avec des tanins souples; de corps agr\u00e9able et doux, avec des notes subtiles d&rsquo;amande am\u00e8re et de pain complet; la finale est accompagn\u00e9e d&rsquo;une agr\u00e9able fra\u00eecheur et d&rsquo;un peu d&rsquo;\u00e9pices.<\/span><\/p>\n<p><b>Recommandation culinaire : <\/b><span style=\"font-weight: 400;\">Un vin rouge fort mais toujours moelleux qui accompagne id\u00e9alement les plats de viande et les fromages affin\u00e9s et intenses. Aussi un parfait accompagnement aux antipasta, risotto aux c\u00e8pes ou aux truffes, ainsi qu&rsquo;\u00e0 la cuisine italienne en g\u00e9n\u00e9ral. <\/span><\/p>\n\t\t\t\t\t\t\t\t<\/div>\n\t\t\t\t<\/div>\n\t\t\t\t\t<\/div>\n\t\t<\/div>\n\t\t\t\t\t<\/div>\n\t\t<\/section>\n\t\t\t\t<\/div>\n\t\t","protected":false},"excerpt":{"rendered":"<p><span style=\"font-weight: 400;\">Un nez vineux et expressif de fruits rouges et de notes florales claires, d&rsquo;abricots secs et de raisins secs. <\/span><\/p>\n","protected":false},"featured_media":8458,"comment_status":"open","ping_status":"closed","template":"","meta":[],"product_brand":[],"product_cat":[72,71],"product_tag":[],"class_list":{"0":"post-6630","1":"product","2":"type-product","3":"status-publish","4":"has-post-thumbnail","6":"product_cat-vins-rouges","7":"product_cat-vins-importe","9":"first","10":"instock","11":"shipping-taxable","12":"purchasable","13":"product-type-simple"},"_links":{"self":[{"href":"https:\/\/www.cinaweine.ch\/fr\/wp-json\/wp\/v2\/product\/6630","targetHints":{"allow":["GET"]}}],"collection":[{"href":"https:\/\/www.cinaweine.ch\/fr\/wp-json\/wp\/v2\/product"}],"about":[{"href":"https:\/\/www.cinaweine.ch\/fr\/wp-json\/wp\/v2\/types\/product"}],"replies":[{"embeddable":true,"href":"https:\/\/www.cinaweine.ch\/fr\/wp-json\/wp\/v2\/comments?post=6630"}],"version-history":[{"count":0,"href":"https:\/\/www.cinaweine.ch\/fr\/wp-json\/wp\/v2\/product\/6630\/revisions"}],"wp:featuredmedia":[{"embeddable":true,"href":"https:\/\/www.cinaweine.ch\/fr\/wp-json\/wp\/v2\/media\/8458"}],"wp:attachment":[{"href":"https:\/\/www.cinaweine.ch\/fr\/wp-json\/wp\/v2\/media?parent=6630"}],"wp:term":[{"taxonomy":"product_brand","embeddable":true,"href":"https:\/\/www.cinaweine.ch\/fr\/wp-json\/wp\/v2\/product_brand?post=6630"},{"taxonomy":"product_cat","embeddable":true,"href":"https:\/\/www.cinaweine.ch\/fr\/wp-json\/wp\/v2\/product_cat?post=6630"},{"taxonomy":"product_tag","embeddable":true,"href":"https:\/\/www.cinaweine.ch\/fr\/wp-json\/wp\/v2\/product_tag?post=6630"}],"curies":[{"name":"wp","href":"https:\/\/api.w.org\/{rel}","templated":true}]}}