{"id":6618,"date":"2021-03-25T06:01:49","date_gmt":"2021-04-23T12:42:12","guid":{"rendered":"https:\/\/cinaweine.shop\/product\/corvina-rosso-veronese-igt-bieti-vigna-800\/"},"modified":"2025-01-21T13:40:54","modified_gmt":"2025-01-21T12:40:54","slug":"corvina-rosso-veronese-igt-bidi-vigna-800","status":"publish","type":"product","link":"https:\/\/www.cinaweine.ch\/fr\/produit\/corvina-rosso-veronese-igt-bidi-vigna-800\/","title":{"rendered":"Corvina Rosso Veronese IGT \u00ab\u00a0Bieti\u00a0\u00bb Vigna 800"},"content":{"rendered":"<p>&nbsp;<\/p>\n<table>\n<tbody>\n<tr>\n<td width=\"227\"><strong>Contenu<\/strong><\/td>\n<td width=\"229\"><strong>75 cl<\/strong><\/td>\n<\/tr>\n<tr>\n<td width=\"227\"><strong>Pays d&rsquo;origine<\/strong><\/td>\n<td width=\"229\">Italie<\/td>\n<\/tr>\n<tr>\n<td width=\"227\"><strong>Origine &#8211; r\u00e9gion<\/strong><\/td>\n<td width=\"229\">V\u00e9n\u00e9tie<\/td>\n<\/tr>\n<tr>\n<td width=\"227\"><strong>Type de vin<\/strong><\/td>\n<td width=\"229\">rouge<\/td>\n<\/tr>\n<tr>\n<td width=\"227\"><strong> Vari\u00e9t\u00e9 de raisin<\/strong><\/td>\n<td width=\"229\">Corvina<\/td>\n<\/tr>\n<tr>\n<td width=\"227\"><strong>Qualit\u00e9<\/strong><\/td>\n<td width=\"229\">IGT<\/td>\n<\/tr>\n<tr>\n<td width=\"227\"><strong>Teneur en alcool<\/strong><\/td>\n<td width=\"229\">13,5% vol<\/td>\n<\/tr>\n<tr>\n<td width=\"227\"><strong>Buvabilit\u00e9<\/strong><\/td>\n<td width=\"229\">Maintenant \/ 5-6 ans<\/td>\n<\/tr>\n<tr>\n<td width=\"227\"><strong>Temp\u00e9rature de consommation<\/strong><\/td>\n<td width=\"229\">17-18 degr\u00e9s centigrades<\/td>\n<\/tr>\n<\/tbody>\n<\/table>\n<p><strong><b>D\u00e9couverte:<\/b><\/strong> Vigna 800 est un joyau d&rsquo;une cave qui poss\u00e8de \u00e9galement un terroir unique. Il est situ\u00e9 dans la meilleure zone de colline pr\u00e8s de Negrar, au c\u0153ur de la Valpolicella Classico. La nature du sol, un microclimat unique et l&rsquo;alignement optimal des vignes ainsi que l&#8217;emplacement sur\u00e9lev\u00e9 caract\u00e9risent la qualit\u00e9 de premi\u00e8re classe des vins. La cave a des conditions id\u00e9ales et le potentiel de produire des vins de caract\u00e8re et durables qui produisent de la race et de la classe. La base en sont de tr\u00e8s vieilles vignes, une s\u00e9lection rigoureuse des meilleurs vignobles, des rendements faibles et une r\u00e9colte manuelle sans compromis des raisins ainsi qu&rsquo;un traitement soign\u00e9 et moderne des raisins en cave.<\/p>\n<p><strong><b>Personnage:<\/b><\/strong> Les raisins de ce vin ne sont r\u00e9colt\u00e9s qu&rsquo;en novembre, bien plus tard que pour les vendanges normales. Franco Elampini de Vigna 800 a cr\u00e9\u00e9 une excellente r\u00e9colte tardive avec ce vin. En raison du l\u00e9ger dess\u00e8chement des baies sur la canne, la concentration est similaire \u00e0 celle de la production d&rsquo;Amarone. Ce vin a une robe rouge rubis forte. Au nez vineux, des notes matures tr\u00e8s agr\u00e9ables rappellent les prunes et les cerises. Une saveur subtile et des tons de cro\u00fbte de pain aromatiques, associ\u00e9s \u00e0 un soup\u00e7on de vanille, sont \u00e9galement perceptibles. L&rsquo;expansion a eu lieu en barriques pendant 19 mois. M\u00fbre pour la consommation est optimale entre la troisi\u00e8me et la huiti\u00e8me ann\u00e9e.<\/p>\n<p>Conseil d&rsquo; <strong><b>utilisation :<\/b><\/strong> Un vin rouge puissant mais doux qui accompagne traditionnellement le gibier, les viandes grill\u00e9es, les viandes brais\u00e9es et les fromages affin\u00e9s, ainsi qu&rsquo;un accompagnement parfait des antipasta, du risotto aux c\u00e8pes ou aux truffes, et de la cuisine italienne en g\u00e9n\u00e9ral.<\/p>\n","protected":false},"excerpt":{"rendered":"<p>Ce vin a une robe rouge rubis forte. Au nez vineux, des notes matures tr\u00e8s agr\u00e9ables rappellent les prunes et les cerises.<\/p>\n","protected":false},"featured_media":8499,"comment_status":"open","ping_status":"closed","template":"","meta":[],"product_brand":[],"product_cat":[72,71],"product_tag":[],"class_list":{"0":"post-6618","1":"product","2":"type-product","3":"status-publish","4":"has-post-thumbnail","6":"product_cat-vins-rouges","7":"product_cat-vins-importe","9":"first","10":"instock","11":"shipping-taxable","12":"purchasable","13":"product-type-simple"},"_links":{"self":[{"href":"https:\/\/www.cinaweine.ch\/fr\/wp-json\/wp\/v2\/product\/6618","targetHints":{"allow":["GET"]}}],"collection":[{"href":"https:\/\/www.cinaweine.ch\/fr\/wp-json\/wp\/v2\/product"}],"about":[{"href":"https:\/\/www.cinaweine.ch\/fr\/wp-json\/wp\/v2\/types\/product"}],"replies":[{"embeddable":true,"href":"https:\/\/www.cinaweine.ch\/fr\/wp-json\/wp\/v2\/comments?post=6618"}],"version-history":[{"count":0,"href":"https:\/\/www.cinaweine.ch\/fr\/wp-json\/wp\/v2\/product\/6618\/revisions"}],"wp:featuredmedia":[{"embeddable":true,"href":"https:\/\/www.cinaweine.ch\/fr\/wp-json\/wp\/v2\/media\/8499"}],"wp:attachment":[{"href":"https:\/\/www.cinaweine.ch\/fr\/wp-json\/wp\/v2\/media?parent=6618"}],"wp:term":[{"taxonomy":"product_brand","embeddable":true,"href":"https:\/\/www.cinaweine.ch\/fr\/wp-json\/wp\/v2\/product_brand?post=6618"},{"taxonomy":"product_cat","embeddable":true,"href":"https:\/\/www.cinaweine.ch\/fr\/wp-json\/wp\/v2\/product_cat?post=6618"},{"taxonomy":"product_tag","embeddable":true,"href":"https:\/\/www.cinaweine.ch\/fr\/wp-json\/wp\/v2\/product_tag?post=6618"}],"curies":[{"name":"wp","href":"https:\/\/api.w.org\/{rel}","templated":true}]}}