{"id":6612,"date":"2021-03-25T06:01:49","date_gmt":"2021-04-23T12:41:44","guid":{"rendered":"https:\/\/cinaweine.shop\/product\/borgo-lame-barbera-dasti\/"},"modified":"2026-04-24T10:17:58","modified_gmt":"2026-04-24T09:17:58","slug":"borgo-lame-barbera-dasti","status":"publish","type":"product","link":"https:\/\/www.cinaweine.ch\/fr\/produit\/borgo-lame-barbera-dasti\/","title":{"rendered":"Borgo LamE Barbera d&rsquo;Asti"},"content":{"rendered":"\t\t<div data-elementor-type=\"wp-post\" data-elementor-id=\"6612\" class=\"elementor elementor-6612 elementor-2650\">\n\t\t\t\t\t\t<section class=\"wd-negative-gap elementor-section elementor-top-section elementor-element elementor-element-2f920e41 elementor-section-boxed elementor-section-height-default elementor-section-height-default wd-section-disabled\" data-id=\"2f920e41\" data-element_type=\"section\" data-e-type=\"section\">\n\t\t\t\t\t\t<div class=\"elementor-container elementor-column-gap-default\">\n\t\t\t\t\t<div class=\"elementor-column elementor-col-100 elementor-top-column elementor-element elementor-element-6ba41c7d\" data-id=\"6ba41c7d\" data-element_type=\"column\" data-e-type=\"column\">\n\t\t\t<div class=\"elementor-widget-wrap elementor-element-populated\">\n\t\t\t\t\t\t<div class=\"elementor-element elementor-element-5a432909 color-scheme-inherit text-left elementor-widget elementor-widget-text-editor\" data-id=\"5a432909\" data-element_type=\"widget\" data-e-type=\"widget\" data-widget_type=\"text-editor.default\">\n\t\t\t\t<div class=\"elementor-widget-container\">\n\t\t\t\t\t\t\t\t\t<p> <\/p><table><tbody><tr><td width=\"234\"><strong>Contenu<\/strong><\/td> <td width=\"235\"><strong>75 cl<\/strong><\/td><\/tr><tr><td width=\"234\"><strong>Pays d\u2019origine <\/strong><\/td><td width=\"235\">Italie<\/td><\/tr><tr><td width=\"234\"><strong>Origine \u2013 r\u00e9gion <\/strong><\/td><td width=\"235\">Piemont<\/td><\/tr><tr><td width=\"234\"><strong>Type de vin<\/strong><\/td> <td width=\"235\">rouge<\/td><\/tr><tr> <td width=\"234\"><strong> Vari\u00e9t\u00e9 de raisin <\/strong><\/td><td width=\"235\">Barbera<\/td><\/tr><tr><td width=\"234\"><strong>Qualit\u00e9 <\/strong><\/td><td width=\"235\">Sup\u00e9rieur<\/td><\/tr><tr><td width=\"234\"><strong>Teneur en alcool <\/strong><\/td><td width=\"235\">14.5 % vol<\/td><\/tr><tr><td width=\"234\"><strong>Buvabilit\u00e9 <\/strong><\/td><td width=\"235\">Maintenent\/8-10 ans<\/td><\/tr><tr><td width=\"234\"><strong>Temp\u00e9rature de consommation <\/strong><\/td><td width=\"235\">18-20 \u00b0 Celsius<\/td><\/tr><\/tbody><\/table><p><b>D\u00e9couverte:<\/b><span style=\"font-weight: 400;\"> \u00ab\u00a0Un petit village ancien avec quelques maisons et une petite<\/span><span style=\"font-weight: 400;\"> \u00c9glise.\u00a0\u00bb<\/span><b> <\/b><span style=\"font-weight: 400;\">La simplicit\u00e9 et l&rsquo;authenticit\u00e9 d&rsquo;un village rural, racont\u00e9es par le parfum enivrant de nos vins. Les anciennes caves Borgo Lame sont n\u00e9es au c\u0153ur du Pi\u00e9mont dans la Cisterna d&rsquo;Asti. Dans ce petit village entre Langhe, Roero et Monferrato au terroir unique, une famille d&rsquo;agriculteurs a patiemment travaill\u00e9 dans le pays pendant des ann\u00e9es et transmis la sagesse de la viticulture et de la vinification de p\u00e8re en fils.<\/span><span style=\"font-weight: 400;\"><br><\/span><span style=\"font-weight: 400;\">Des tons rouges fruit\u00e9s aux ar\u00f4mes intenses qui se marient avec \u00e9l\u00e9gance et sobri\u00e9t\u00e9 avec la nourriture de tous les jours Des vins blancs frais et min\u00e9raux qui \u00e9voquent des zones sablonneuses d&rsquo;origine ancienne. L&rsquo;ar\u00f4me doux et unique du Moscato, adapt\u00e9 aux occasions sp\u00e9ciales et aux vacances. Les vins Borgo Lame racontent des histoires de personnes g\u00e9n\u00e9reuses, d&rsquo;attentes romantiques, de regards timides et de travail patient. De notre vraie, vraie vie.<\/span><\/p><p><strong>Caract\u00e8re :<\/strong> Ce vin rouge au rouge rubis intense, dont le nom Borgo Lame, Superiore, est synonyme de la plus haute qualit\u00e9. Les raisins sont vendang\u00e9s \u00e0 la main puis ferment\u00e9s \u00e0 une temp\u00e9rature de fermentation de 28 \u00b0 C. Le vin est \u00e9lev\u00e9 en f\u00fbts de ch\u00eane fran\u00e7ais pendant environ 18 mois. Cela souligne sa grande expressivit\u00e9, sa structure impressionnante et sa finale intense et persistante en bouche.<\/p><p><strong>D\u00e9gustation :<\/strong> Le bouquet de ce Barbera unique pr\u00e9sente des ar\u00f4mes de cassis, de cacao et de vanille.<\/p><p><strong>Conseil culinaire :<\/strong> Accompagne bien les viandes rouges, les p\u00e2tes avec une sauce \u00e0 la viande \u00e9pic\u00e9e, les plats de gibier et les fromages affin\u00e9s. <\/p>\t\t\t\t\t\t\t\t<\/div>\n\t\t\t\t<\/div>\n\t\t\t\t\t<\/div>\n\t\t<\/div>\n\t\t\t\t\t<\/div>\n\t\t<\/section>\n\t\t\t\t<\/div>\n\t\t","protected":false},"excerpt":{"rendered":"<p>Le bouquet de ce Barbera unique pr\u00e9sente des ar\u00f4mes de cassis, de cacao et de vanille.<\/p>\n","protected":false},"featured_media":8454,"comment_status":"open","ping_status":"closed","template":"","meta":[],"product_brand":[],"product_cat":[72,71],"product_tag":[],"class_list":{"0":"post-6612","1":"product","2":"type-product","3":"status-publish","4":"has-post-thumbnail","6":"product_cat-vins-rouges","7":"product_cat-vins-importe","9":"first","10":"instock","11":"shipping-taxable","12":"purchasable","13":"product-type-simple"},"_links":{"self":[{"href":"https:\/\/www.cinaweine.ch\/fr\/wp-json\/wp\/v2\/product\/6612","targetHints":{"allow":["GET"]}}],"collection":[{"href":"https:\/\/www.cinaweine.ch\/fr\/wp-json\/wp\/v2\/product"}],"about":[{"href":"https:\/\/www.cinaweine.ch\/fr\/wp-json\/wp\/v2\/types\/product"}],"replies":[{"embeddable":true,"href":"https:\/\/www.cinaweine.ch\/fr\/wp-json\/wp\/v2\/comments?post=6612"}],"version-history":[{"count":2,"href":"https:\/\/www.cinaweine.ch\/fr\/wp-json\/wp\/v2\/product\/6612\/revisions"}],"predecessor-version":[{"id":22362,"href":"https:\/\/www.cinaweine.ch\/fr\/wp-json\/wp\/v2\/product\/6612\/revisions\/22362"}],"wp:featuredmedia":[{"embeddable":true,"href":"https:\/\/www.cinaweine.ch\/fr\/wp-json\/wp\/v2\/media\/8454"}],"wp:attachment":[{"href":"https:\/\/www.cinaweine.ch\/fr\/wp-json\/wp\/v2\/media?parent=6612"}],"wp:term":[{"taxonomy":"product_brand","embeddable":true,"href":"https:\/\/www.cinaweine.ch\/fr\/wp-json\/wp\/v2\/product_brand?post=6612"},{"taxonomy":"product_cat","embeddable":true,"href":"https:\/\/www.cinaweine.ch\/fr\/wp-json\/wp\/v2\/product_cat?post=6612"},{"taxonomy":"product_tag","embeddable":true,"href":"https:\/\/www.cinaweine.ch\/fr\/wp-json\/wp\/v2\/product_tag?post=6612"}],"curies":[{"name":"wp","href":"https:\/\/api.w.org\/{rel}","templated":true}]}}