{"id":6525,"date":"2021-03-25T06:00:59","date_gmt":"2021-04-23T09:47:29","guid":{"rendered":"https:\/\/cinaweine.shop\/product\/diolinoir-goutez-la-difference-aoc-valais\/"},"modified":"2025-01-21T13:42:25","modified_gmt":"2025-01-21T12:42:25","slug":"diolinoir-essayer-la-difference-aoc-valais","status":"publish","type":"product","link":"https:\/\/www.cinaweine.ch\/fr\/produit\/diolinoir-essayer-la-difference-aoc-valais\/","title":{"rendered":"Diolinoir &#8211; Go\u00fbtez la diff\u00e9rence AOC Valais"},"content":{"rendered":"\t\t<div data-elementor-type=\"wp-post\" data-elementor-id=\"6525\" class=\"elementor elementor-6525 elementor-2617\">\n\t\t\t\t\t\t<section class=\"elementor-section elementor-top-section elementor-element elementor-element-350cc31c elementor-section-boxed elementor-section-height-default elementor-section-height-default wd-section-disabled\" data-id=\"350cc31c\" data-element_type=\"section\" data-e-type=\"section\">\n\t\t\t\t\t\t<div class=\"elementor-container elementor-column-gap-default\">\n\t\t\t\t\t<div class=\"elementor-column elementor-col-100 elementor-top-column elementor-element elementor-element-5cd1a30f\" data-id=\"5cd1a30f\" data-element_type=\"column\" data-e-type=\"column\">\n\t\t\t<div class=\"elementor-widget-wrap elementor-element-populated\">\n\t\t\t\t\t\t<div class=\"elementor-element elementor-element-455ddbd1 color-scheme-inherit text-left elementor-widget elementor-widget-text-editor\" data-id=\"455ddbd1\" data-element_type=\"widget\" data-e-type=\"widget\" data-widget_type=\"text-editor.default\">\n\t\t\t\t<div class=\"elementor-widget-container\">\n\t\t\t\t\t\t\t\t\t<\/p>\n<div id=\"cc-m-5757309464\" class=\"j-module n j-header \">\n<div id=\"cc-m-5757310764\" class=\"j-module n j-header \">\n<div id=\"cc-m-5757312264\" class=\"j-module n j-header \">\n<div id=\"cc-m-5754560264\" class=\"j-module n j-header \">\n<div id=\"cc-m-5757315664\" class=\"j-module n j-header \">\n<div id=\"cc-m-5757316864\" class=\"j-module n j-header \">\n<div id=\"cc-m-5757320164\" class=\"j-module n j-header \">\n<div id=\"cc-m-5757320164\" class=\"j-module n j-header \">\n<div id=\"cc-m-5754563464\" class=\"j-module n j-header \">\n<div id=\"cc-m-5757321364\" class=\"j-module n j-header \">\n<div id=\"cc-m-5757321864\" class=\"j-module n j-header \">\n<div id=\"cc-m-5757323564\" class=\"j-module n j-header \">\n<div id=\"cc-m-5757325464\" class=\"j-module n j-header \">\n<div id=\"cc-m-5754557164\" class=\"j-module n j-header \">\n<div id=\"cc-m-5754561864\" class=\"j-module n j-header \">\n<div id=\"cc-m-5792025464\" class=\"j-module n j-header \">\n<div id=\"cc-m-5754552764\" class=\"j-module n j-header \">\n<div id=\"cc-m-5756416564\" class=\"j-module n j-header \">\n<div id=\"cc-m-5756422964\" class=\"j-module n j-header \">\n<table>\n<tbody>\n<tr>\n<td width=\"234\"><strong>Contenu<\/strong><\/td>\n<td width=\"235\"><strong>75 cl<\/strong><\/td>\n<\/tr>\n<tr>\n<td width=\"234\"><strong>Pays d\u2019origine <\/strong><\/td>\n<td width=\"235\">Suisse<\/td>\n<\/tr>\n<tr>\n<td width=\"234\"><strong>Pays d\u2019origine <\/strong><\/td>\n<td width=\"235\">Valais<\/td>\n<\/tr>\n<tr>\n<td width=\"234\"><strong>Type de vin<\/strong><\/td>\n<td width=\"235\">rouge<\/td>\n<\/tr>\n<tr>\n<td width=\"234\"><strong> Vari\u00e9t\u00e9 de raisin <\/strong><\/td>\n<td width=\"235\">Diolinoir<\/td>\n<\/tr>\n<tr>\n<td width=\"234\"><strong>Qualit\u00e9 <\/strong><\/td>\n<td width=\"235\">AOC Valais<\/td>\n<\/tr>\n<tr>\n<td width=\"234\"><strong>Teneur en alcool <\/strong><\/td>\n<td width=\"235\">13.0 % vol<\/td>\n<\/tr>\n<tr>\n<td width=\"234\"><strong>Buvabilit\u00e9 <\/strong><\/td>\n<td width=\"235\">8-10 Jahre<\/td>\n<\/tr>\n<tr>\n<td width=\"234\"><strong>Temp\u00e9rature de consommation <\/strong><\/td>\n<td width=\"235\">14-16 \u00b0 Celsius<\/td>\n<\/tr>\n<\/tbody>\n<\/table>\n<\/div>\n<\/div>\n<\/div>\n<\/div>\n<\/div>\n<\/div>\n<\/div>\n<\/div>\n<\/div>\n<\/div>\n<\/div>\n<\/div>\n<\/div>\n<\/div>\n<\/div>\n<\/div>\n<\/div>\n<\/div>\n<\/div>\n<p><b>D\u00e9couverte :<\/b> Au c\u0153ur des Alpes, le Valais b\u00e9n\u00e9ficie d&rsquo;un climat exceptionnel, souvent qualifi\u00e9 de \u00ab\u00a0climat de steppe\u00a0\u00bb. La plupart du temps, les hautes montagnes emp\u00eachent la pluie de tomber, il en r\u00e9sulte un foehn qui balaie les nuages et garantit un beau temps avec des temp\u00e9ratures douces. Avec une moyenne de moins de 600 mm de pr\u00e9cipitations par an, le Valais est le canton le plus sec de Suisse. Avec ses 2100 heures d&rsquo;ensoleillement, il fait partie des r\u00e9gions les plus privil\u00e9gi\u00e9es d&rsquo;Europe centrale. Le foehn, qui se manifeste souvent en automne, s\u00e8che les raisins, favorise leur maturit\u00e9, concentre le sucre et prot\u00e8ge des maladies.     Les diff\u00e9rences de temp\u00e9rature entre les journ\u00e9es chaudes et les nuits fra\u00eeches sont un autre ph\u00e9nom\u00e8ne climatique. Cela augmente la complexit\u00e9 et l&rsquo;affinement des ar\u00f4mes dans les raisins vers la fin du cycle de maturation. La fin de l&rsquo;automne est r\u00e9guli\u00e8rement fantastique en Valais. Gr\u00e2ce \u00e0 un temps ensoleill\u00e9, doux et sec, on peut souvent apporter des vins de Sp\u00e4tlese et m\u00eame de Trockenbeerenauslese, qui ne sont en aucun cas inf\u00e9rieurs aux meilleurs vins doux du monde. La cave Cina Gilles &amp; Jo\u00ebl est une entreprise familiale depuis sa cr\u00e9ation en 1994. Il est g\u00e9r\u00e9 en 2\u00e8me g\u00e9n\u00e9ration par les propri\u00e9taires Gilles et Jo\u00ebl. Aujourd&rsquo;hui, 8 hectares de vignes, pour la plupart expos\u00e9s plein sud, font partie du domaine. Les fr\u00e8res Cina investissent tout dans la production de leurs vins: Expertise, souci du d\u00e9tail, engagement et technologie moderne. Dans l&rsquo;expansion des vins, l&rsquo;exp\u00e9rience qui a grandi dans l&rsquo;histoire de la cave se conjugue avec les r\u00e9alisations de l&rsquo;\u0153nologie contemporaine. Le r\u00e9sultat est des vins qui refl\u00e8tent les qualit\u00e9s de leur r\u00e9gion de culture, le Valais: authentiques, sans fioritures et terre-\u00e0-terre, int\u00e9ressants et aux multiples facettes.<\/p>\n<p><strong>Caract\u00e8re :<\/strong> Ce vin, vinifi\u00e9 en barriques, se caract\u00e9rise par sa finesse et sa puissance. C&rsquo;est un vin pr\u00e9cieux qui a tout pour plaire. Issu de la pollinisation de la vigne Diolly avec le pollen du Pinot Noir, le Diolinoir est principalement plant\u00e9 en Valais et utilis\u00e9 pour les assemblages. Sa couleur \u00e9tonnamment riche et ses tanins prononc\u00e9s nous ont inspir\u00e9 pour vinifier un mill\u00e9sime pur. Le r\u00e9sultat : une grande intensit\u00e9 au nez et une pointe particuli\u00e8re de prune s\u00e9ch\u00e9e. Le f\u00fbt de ch\u00eane apporte ses ar\u00f4mes typiques de bois et de vanille.<\/p>\n<p><strong>D\u00e9gustation<\/strong> : fin, riche, puissant, aux tanins prononc\u00e9s, persistant<\/p>\n<p><strong>Recommandation gastronomique :<\/strong> viande rouge, agneau, fromage <\/p>\n\t\t\t\t\t\t\t\t<\/div>\n\t\t\t\t<\/div>\n\t\t\t\t\t<\/div>\n\t\t<\/div>\n\t\t\t\t\t<\/div>\n\t\t<\/section>\n\t\t\t\t<\/div>\n\t\t","protected":false},"excerpt":{"rendered":"<p>Ce vin, vinifi\u00e9 en barriques, se caract\u00e9rise par sa finesse et sa puissance. C&rsquo;est un vin pr\u00e9cieux qui a tout pour plaire.<\/p>\n<div id=\"cc-shop-product-desc-text-4669493764\" class=\"description\">\n<div class=\"product-price cc-shop-product-price clearover\"><\/div>\n<\/div>\n","protected":false},"featured_media":8478,"comment_status":"open","ping_status":"closed","template":"","meta":[],"product_brand":[],"product_cat":[70],"product_tag":[],"class_list":{"0":"post-6525","1":"product","2":"type-product","3":"status-publish","4":"has-post-thumbnail","6":"product_cat-vins-dassemblage","8":"first","9":"instock","10":"shipping-taxable","11":"purchasable","12":"product-type-simple"},"_links":{"self":[{"href":"https:\/\/www.cinaweine.ch\/fr\/wp-json\/wp\/v2\/product\/6525","targetHints":{"allow":["GET"]}}],"collection":[{"href":"https:\/\/www.cinaweine.ch\/fr\/wp-json\/wp\/v2\/product"}],"about":[{"href":"https:\/\/www.cinaweine.ch\/fr\/wp-json\/wp\/v2\/types\/product"}],"replies":[{"embeddable":true,"href":"https:\/\/www.cinaweine.ch\/fr\/wp-json\/wp\/v2\/comments?post=6525"}],"version-history":[{"count":1,"href":"https:\/\/www.cinaweine.ch\/fr\/wp-json\/wp\/v2\/product\/6525\/revisions"}],"predecessor-version":[{"id":21907,"href":"https:\/\/www.cinaweine.ch\/fr\/wp-json\/wp\/v2\/product\/6525\/revisions\/21907"}],"wp:featuredmedia":[{"embeddable":true,"href":"https:\/\/www.cinaweine.ch\/fr\/wp-json\/wp\/v2\/media\/8478"}],"wp:attachment":[{"href":"https:\/\/www.cinaweine.ch\/fr\/wp-json\/wp\/v2\/media?parent=6525"}],"wp:term":[{"taxonomy":"product_brand","embeddable":true,"href":"https:\/\/www.cinaweine.ch\/fr\/wp-json\/wp\/v2\/product_brand?post=6525"},{"taxonomy":"product_cat","embeddable":true,"href":"https:\/\/www.cinaweine.ch\/fr\/wp-json\/wp\/v2\/product_cat?post=6525"},{"taxonomy":"product_tag","embeddable":true,"href":"https:\/\/www.cinaweine.ch\/fr\/wp-json\/wp\/v2\/product_tag?post=6525"}],"curies":[{"name":"wp","href":"https:\/\/api.w.org\/{rel}","templated":true}]}}