{"id":6455,"date":"2021-03-25T06:00:33","date_gmt":"2021-03-25T05:00:33","guid":{"rendered":"https:\/\/cinaweine.shop\/product\/malvoisie-aoc-valais\/"},"modified":"2026-04-24T12:46:02","modified_gmt":"2026-04-24T11:46:02","slug":"malvoisie-aoc-valais","status":"publish","type":"product","link":"https:\/\/www.cinaweine.ch\/fr\/produit\/malvoisie-aoc-valais\/","title":{"rendered":"Malvoisie AOC Valais"},"content":{"rendered":"\t\t<div data-elementor-type=\"wp-post\" data-elementor-id=\"6455\" class=\"elementor elementor-6455 elementor-2584\">\n\t\t\t\t\t\t<section class=\"elementor-section elementor-top-section elementor-element elementor-element-253979f3 elementor-section-boxed elementor-section-height-default elementor-section-height-default wd-section-disabled\" data-id=\"253979f3\" data-element_type=\"section\" data-e-type=\"section\">\n\t\t\t\t\t\t<div class=\"elementor-container elementor-column-gap-default\">\n\t\t\t\t\t<div class=\"elementor-column elementor-col-100 elementor-top-column elementor-element elementor-element-4badbcdd\" data-id=\"4badbcdd\" data-element_type=\"column\" data-e-type=\"column\">\n\t\t\t<div class=\"elementor-widget-wrap elementor-element-populated\">\n\t\t\t\t\t\t<div class=\"elementor-element elementor-element-13206b99 color-scheme-inherit text-left elementor-widget elementor-widget-text-editor\" data-id=\"13206b99\" data-element_type=\"widget\" data-e-type=\"widget\" data-widget_type=\"text-editor.default\">\n\t\t\t\t<div class=\"elementor-widget-container\">\n\t\t\t\t\t\t\t\t\t<p> <\/p><div id=\"cc-m-5757309464\" class=\"j-module n j-header \"><div id=\"cc-m-5757310764\" class=\"j-module n j-header \"><div id=\"cc-m-5757312264\" class=\"j-module n j-header \"><div id=\"cc-m-5754560264\" class=\"j-module n j-header \"><div id=\"cc-m-5757315964\" class=\"j-module n j-textWithImage \"><div><div id=\"cc-m-textwithimage-5757315964\" class=\"cc-m-textwithimage-inline-rte\" data-name=\"text\" data-action=\"text\"><table><tbody><tr><td width=\"234\"><strong>Contenu<\/strong><\/td> <td width=\"235\"><strong>75 cl<\/strong><\/td><\/tr><tr><td width=\"234\"><strong>Pays d\u2019origine <\/strong><\/td><td width=\"235\">Suisse<\/td><\/tr><tr><td width=\"234\"><strong>Origine &#8211; r\u00e9gion <\/strong><\/td><td width=\"235\">Valais<\/td><\/tr><tr><td width=\"234\"><strong>Type de vin<\/strong><\/td> <td width=\"235\">blanc<\/td><\/tr><tr> <td width=\"234\"><strong> Vari\u00e9t\u00e9 de raisin <\/strong><\/td><td width=\"235\">Malvoisie<\/td><\/tr><tr><td width=\"234\"><strong>Qualit\u00e9 <\/strong><\/td><td width=\"235\">AOC Valais<\/td><\/tr><tr><td width=\"234\"><strong>Teneur en alcool <\/strong><\/td><td width=\"235\">13.0 % vol<\/td><\/tr><tr><td width=\"234\"><strong>Buvabilit\u00e9 <\/strong><\/td><td width=\"235\">2-3 Jahre<\/td><\/tr><tr><td width=\"234\"><strong>Temp\u00e9rature de consommation <\/strong><\/td><td width=\"235\">7-10 \u00b0 Celsius<\/td><\/tr><\/tbody><\/table><p><strong>D\u00e9couverte :<\/strong> Le Valais au c\u0153ur des Alpes b\u00e9n\u00e9ficie d&rsquo;un climat exceptionnel, souvent appel\u00e9 \u00abclimat de steppe\u00bb. La plupart du temps, les hautes montagnes emp\u00eachent la pluie d&rsquo;entrer, le foehn est cr\u00e9\u00e9, qui balaie les nuages et garantit un temps agr\u00e9able avec des temp\u00e9ratures douces. Avec une moyenne de moins de 600 mm de pr\u00e9cipitations par an, le Valais est le canton le plus sec de Suisse. Avec ses 2100 heures d&rsquo;ensoleillement, c&rsquo;est l&rsquo;une des r\u00e9gions les plus privil\u00e9gi\u00e9es d&rsquo;Europe centrale. Le s\u00e8che-cheveux, qui intervient souvent \u00e0 l&rsquo;automne, s\u00e8che les raisins, favorise leur maturit\u00e9, concentre le sucre et prot\u00e8ge des maladies.     Les diff\u00e9rences de temp\u00e9rature entre les journ\u00e9es chaudes et les nuits fra\u00eeches sont un autre ph\u00e9nom\u00e8ne climatique.. Cela augmente la complexit\u00e9 et l&rsquo;affinement des ar\u00f4mes dans les raisins vers la fin du cycle de maturation. La fin de l&rsquo;automne est r\u00e9guli\u00e8rement fantastique en Valais. Gr\u00e2ce \u00e0 un temps ensoleill\u00e9, doux et sec, on peut souvent apporter des vins de Sp\u00e4tlese et m\u00eame de Trockenbeerenauslese, qui ne sont en aucun cas inf\u00e9rieurs aux meilleurs vins doux du monde. La cave Cina Gilles &amp; Jo\u00ebl est une entreprise familiale depuis sa cr\u00e9ation en 1994. Il est g\u00e9r\u00e9 en 2\u00e8me g\u00e9n\u00e9ration par les propri\u00e9taires Gilles et Jo\u00ebl. Aujourd&rsquo;hui, 8 hectares de vignes, pour la plupart expos\u00e9s plein sud, font partie du domaine. Les fr\u00e8res Cina investissent tout dans la production de leurs vins: Expertise, souci du d\u00e9tail, engagement et technologie moderne. Dans l&rsquo;expansion des vins, l&rsquo;exp\u00e9rience qui a grandi dans l&rsquo;histoire de la cave se conjugue avec les r\u00e9alisations de l&rsquo;\u0153nologie contemporaine. Le r\u00e9sultat est des vins qui refl\u00e8tent les qualit\u00e9s de leur r\u00e9gion de culture, le Valais: authentiques, sans fioritures et terre-\u00e0-terre, int\u00e9ressants et aux multiples facettes.<\/p><\/div><\/div><\/div><\/div><\/div><\/div><\/div><p><strong>Caract\u00e8re :<\/strong> La Malvoisie (Pinot Gris) est r\u00e9pandue dans le monde entier. Il pr\u00e9f\u00e8re un climat tr\u00e8s chaud. Nous le plantons principalement sur des pentes avec beaucoup de soleil. Les raisins m\u00fbrissent t\u00f4t et sont tr\u00e8s doux. Il en r\u00e9sulte un vin relativement lourd et cors\u00e9 avec un potentiel de garde tr\u00e8s \u00e9lev\u00e9.<\/p><p><strong>D\u00e9gustation<\/strong> : Couleur jaune relativement intense qui s&rsquo;accentue avec l&rsquo;\u00e2ge. Bouche tr\u00e8s velout\u00e9e et ample; saveurs tr\u00e8s complexes; finale intense, go\u00fbts de mousse et un peu de camomille.<\/p><p><strong>Conseil culinaire :<\/strong> appr\u00e9ci\u00e9 des ap\u00e9ritifs, des plats de fromages et de poissons et en accompagnement apr\u00e8s un repas entre amis. <\/p>\t\t\t\t\t\t\t\t<\/div>\n\t\t\t\t<\/div>\n\t\t\t\t\t<\/div>\n\t\t<\/div>\n\t\t\t\t\t<\/div>\n\t\t<\/section>\n\t\t\t\t<\/div>\n\t\t","protected":false},"excerpt":{"rendered":"<p>Vin relativement lourd et plein avec un tr\u00e8s grand potentiel de vieillissement.<\/p>\n","protected":false},"featured_media":8428,"comment_status":"open","ping_status":"closed","template":"","meta":[],"product_brand":[],"product_cat":[81],"product_tag":[],"class_list":{"0":"post-6455","1":"product","2":"type-product","3":"status-publish","4":"has-post-thumbnail","6":"product_cat-vin-blanc-fr","8":"first","9":"instock","10":"shipping-taxable","11":"purchasable","12":"product-type-simple"},"_links":{"self":[{"href":"https:\/\/www.cinaweine.ch\/fr\/wp-json\/wp\/v2\/product\/6455","targetHints":{"allow":["GET"]}}],"collection":[{"href":"https:\/\/www.cinaweine.ch\/fr\/wp-json\/wp\/v2\/product"}],"about":[{"href":"https:\/\/www.cinaweine.ch\/fr\/wp-json\/wp\/v2\/types\/product"}],"replies":[{"embeddable":true,"href":"https:\/\/www.cinaweine.ch\/fr\/wp-json\/wp\/v2\/comments?post=6455"}],"version-history":[{"count":2,"href":"https:\/\/www.cinaweine.ch\/fr\/wp-json\/wp\/v2\/product\/6455\/revisions"}],"predecessor-version":[{"id":22420,"href":"https:\/\/www.cinaweine.ch\/fr\/wp-json\/wp\/v2\/product\/6455\/revisions\/22420"}],"wp:featuredmedia":[{"embeddable":true,"href":"https:\/\/www.cinaweine.ch\/fr\/wp-json\/wp\/v2\/media\/8428"}],"wp:attachment":[{"href":"https:\/\/www.cinaweine.ch\/fr\/wp-json\/wp\/v2\/media?parent=6455"}],"wp:term":[{"taxonomy":"product_brand","embeddable":true,"href":"https:\/\/www.cinaweine.ch\/fr\/wp-json\/wp\/v2\/product_brand?post=6455"},{"taxonomy":"product_cat","embeddable":true,"href":"https:\/\/www.cinaweine.ch\/fr\/wp-json\/wp\/v2\/product_cat?post=6455"},{"taxonomy":"product_tag","embeddable":true,"href":"https:\/\/www.cinaweine.ch\/fr\/wp-json\/wp\/v2\/product_tag?post=6455"}],"curies":[{"name":"wp","href":"https:\/\/api.w.org\/{rel}","templated":true}]}}