{"id":6438,"date":"2021-03-25T06:00:33","date_gmt":"2021-03-25T05:00:33","guid":{"rendered":"https:\/\/cinaweine.shop\/product\/coteaux-de-sierre-aoc-valais\/"},"modified":"2026-03-09T12:39:18","modified_gmt":"2026-03-09T11:39:18","slug":"coteaux-de-sierre-aoc-valais","status":"publish","type":"product","link":"https:\/\/www.cinaweine.ch\/fr\/produit\/coteaux-de-sierre-aoc-valais\/","title":{"rendered":"Coteaux de Sierre AOC Valais"},"content":{"rendered":"<p>&nbsp;<\/p>\n<table>\n<tbody>\n<tr>\n<td width=\"234\"><strong>Contenu<\/strong><\/td>\n<td width=\"235\"><strong>75 cl<\/strong><\/td>\n<\/tr>\n<tr>\n<td width=\"234\"><strong>Pays d&rsquo;origine<\/strong><\/td>\n<td width=\"235\">Suisse<\/td>\n<\/tr>\n<tr>\n<td width=\"234\"><strong>Origine &#8211; r\u00e9gion<\/strong><\/td>\n<td width=\"235\">Valais<\/td>\n<\/tr>\n<tr>\n<td width=\"234\"><strong>Type de vin<\/strong><\/td>\n<td width=\"235\">blanc<\/td>\n<\/tr>\n<tr>\n<td width=\"234\"><strong> Vari\u00e9t\u00e9 de raisin<\/strong><\/td>\n<td width=\"235\">Chasselas<\/td>\n<\/tr>\n<tr>\n<td width=\"234\"><strong>Qualit\u00e9<\/strong><\/td>\n<td width=\"235\">AOC Valais<\/td>\n<\/tr>\n<tr>\n<td width=\"234\"><strong>Teneur en alcool<\/strong><\/td>\n<td width=\"235\">11,0% vol<\/td>\n<\/tr>\n<tr>\n<td width=\"234\"><strong>Buvabilit\u00e9<\/strong><\/td>\n<td width=\"235\">2-3 ans<\/td>\n<\/tr>\n<tr>\n<td width=\"234\"><strong>Temp\u00e9rature de consommation<\/strong><\/td>\n<td width=\"235\">8 \u00e0 10 \u00b0 Celsius<\/td>\n<\/tr>\n<\/tbody>\n<\/table>\n<p><b>D\u00e9couverte :<\/b> Au c\u0153ur des Alpes, le Valais b\u00e9n\u00e9ficie d&rsquo;un climat exceptionnel, souvent qualifi\u00e9 de \u00ab\u00a0climat de steppe\u00a0\u00bb. La plupart du temps, les hautes montagnes emp\u00eachent la pluie de tomber, il en r\u00e9sulte un foehn qui balaie les nuages et garantit un beau temps avec des temp\u00e9ratures douces. Avec une moyenne de moins de 600 mm de pr\u00e9cipitations par an, le Valais est le canton le plus sec de Suisse. Avec ses 2100 heures d&rsquo;ensoleillement, il fait partie des r\u00e9gions les plus privil\u00e9gi\u00e9es d&rsquo;Europe centrale. Le foehn, qui se manifeste souvent en automne, s\u00e8che les raisins, favorise leur maturit\u00e9, concentre le sucre et prot\u00e8ge des maladies. Les diff\u00e9rences de temp\u00e9rature entre les journ\u00e9es chaudes et les nuits fra\u00eeches sont un autre ph\u00e9nom\u00e8ne climatique. Cela augmente la complexit\u00e9 et l&rsquo;affinement des ar\u00f4mes dans les raisins vers la fin du cycle de maturation. La fin de l&rsquo;automne est r\u00e9guli\u00e8rement fantastique en Valais. Gr\u00e2ce \u00e0 un temps ensoleill\u00e9, doux et sec, on peut souvent apporter des vins de Sp\u00e4tlese et m\u00eame de Trockenbeerenauslese, qui ne sont en aucun cas inf\u00e9rieurs aux meilleurs vins doux du monde. La cave Cina Gilles Jo\u00ebl est une entreprise familiale depuis sa cr\u00e9ation en 1994. Il est g\u00e9r\u00e9 en 2\u00e8me g\u00e9n\u00e9ration par les propri\u00e9taires Gilles et Jo\u00ebl. Aujourd&rsquo;hui, 8 hectares de vignes, pour la plupart expos\u00e9s plein sud, font partie du domaine. Les fr\u00e8res Cina investissent tout dans la production de leurs vins: Expertise, souci du d\u00e9tail, engagement et technologie moderne. Dans l&rsquo;expansion des vins, l&rsquo;exp\u00e9rience qui a grandi dans l&rsquo;histoire de la cave se conjugue avec les r\u00e9alisations de l&rsquo;\u0153nologie contemporaine. Le r\u00e9sultat est des vins qui refl\u00e8tent les qualit\u00e9s de leur r\u00e9gion de culture, le Valais: authentiques, sans fioritures et terre-\u00e0-terre, int\u00e9ressants et aux multiples facettes.<\/p>\n<p><strong>Caract\u00e8re :<\/strong> Le Coteaux de Sierre est un Chasselas fruit\u00e9. En Valais central, notamment dans la r\u00e9gion de Sierre, ce Fendant a trouv\u00e9 un climat id\u00e9al. Le climat et les conditions du sol donnent un vin l\u00e9ger, vif et gouleyant.<\/p>\n<p><strong>D\u00e9gustation :<\/strong> Robe jaune p\u00e2le \u00e0 la robe gris-verd\u00e2tre ; senteurs de fleurs de vigne et de tilleul, caract\u00e8re min\u00e9ral avec un peu de pierre \u00e0 fusil; tr\u00e8s fin et l\u00e9ger, fruit\u00e9, harmonieux, savoureux et l\u00e9g\u00e8rement p\u00e9tillant.<\/p>\n<p><strong>Conseil culinaire :<\/strong> Excellent en ap\u00e9ritif, ainsi qu&rsquo;un noble accompagnement des sp\u00e9cialit\u00e9s valaisannes comme la raclette, la fondue, la viande s\u00e9ch\u00e9e, mais aussi la choucroute, le fromage et les plats de poisson.<\/p>\n","protected":false},"excerpt":{"rendered":"<p>Le Coteaux de Sierre est un vin blanc fruit\u00e9.<\/p>\n","protected":false},"featured_media":8432,"comment_status":"open","ping_status":"closed","template":"","meta":[],"product_brand":[],"product_cat":[81],"product_tag":[],"class_list":{"0":"post-6438","1":"product","2":"type-product","3":"status-publish","4":"has-post-thumbnail","6":"product_cat-vin-blanc-fr","8":"first","9":"instock","10":"shipping-taxable","11":"purchasable","12":"product-type-variable"},"_links":{"self":[{"href":"https:\/\/www.cinaweine.ch\/fr\/wp-json\/wp\/v2\/product\/6438","targetHints":{"allow":["GET"]}}],"collection":[{"href":"https:\/\/www.cinaweine.ch\/fr\/wp-json\/wp\/v2\/product"}],"about":[{"href":"https:\/\/www.cinaweine.ch\/fr\/wp-json\/wp\/v2\/types\/product"}],"replies":[{"embeddable":true,"href":"https:\/\/www.cinaweine.ch\/fr\/wp-json\/wp\/v2\/comments?post=6438"}],"version-history":[{"count":2,"href":"https:\/\/www.cinaweine.ch\/fr\/wp-json\/wp\/v2\/product\/6438\/revisions"}],"predecessor-version":[{"id":22289,"href":"https:\/\/www.cinaweine.ch\/fr\/wp-json\/wp\/v2\/product\/6438\/revisions\/22289"}],"wp:featuredmedia":[{"embeddable":true,"href":"https:\/\/www.cinaweine.ch\/fr\/wp-json\/wp\/v2\/media\/8432"}],"wp:attachment":[{"href":"https:\/\/www.cinaweine.ch\/fr\/wp-json\/wp\/v2\/media?parent=6438"}],"wp:term":[{"taxonomy":"product_brand","embeddable":true,"href":"https:\/\/www.cinaweine.ch\/fr\/wp-json\/wp\/v2\/product_brand?post=6438"},{"taxonomy":"product_cat","embeddable":true,"href":"https:\/\/www.cinaweine.ch\/fr\/wp-json\/wp\/v2\/product_cat?post=6438"},{"taxonomy":"product_tag","embeddable":true,"href":"https:\/\/www.cinaweine.ch\/fr\/wp-json\/wp\/v2\/product_tag?post=6438"}],"curies":[{"name":"wp","href":"https:\/\/api.w.org\/{rel}","templated":true}]}}