{"id":3866,"date":"2021-03-25T06:02:13","date_gmt":"2021-03-25T06:02:13","guid":{"rendered":"https:\/\/cinaweine.shop\/product\/jus-de-raisin-rouge-syrah-sans-alcool\/"},"modified":"2026-04-24T10:29:52","modified_gmt":"2026-04-24T09:29:52","slug":"roter-traubensaft-syrah-alkoholfrei","status":"publish","type":"product","link":"https:\/\/www.cinaweine.ch\/fr\/produit\/roter-traubensaft-syrah-alkoholfrei\/","title":{"rendered":"Jus de raisin rouge (sans alcool)"},"content":{"rendered":"\t\t<div data-elementor-type=\"wp-post\" data-elementor-id=\"3866\" class=\"elementor elementor-3866 elementor-2667\">\n\t\t\t\t\t\t<section class=\"elementor-section elementor-top-section elementor-element elementor-element-135ee688 elementor-section-boxed elementor-section-height-default elementor-section-height-default wd-section-disabled\" data-id=\"135ee688\" data-element_type=\"section\" data-e-type=\"section\">\n\t\t\t\t\t\t<div class=\"elementor-container elementor-column-gap-default\">\n\t\t\t\t\t<div class=\"elementor-column elementor-col-100 elementor-top-column elementor-element elementor-element-50a3e141\" data-id=\"50a3e141\" data-element_type=\"column\" data-e-type=\"column\">\n\t\t\t<div class=\"elementor-widget-wrap elementor-element-populated\">\n\t\t\t\t\t\t<div class=\"elementor-element elementor-element-7d81255d color-scheme-inherit text-left elementor-widget elementor-widget-text-editor\" data-id=\"7d81255d\" data-element_type=\"widget\" data-e-type=\"widget\" data-widget_type=\"text-editor.default\">\n\t\t\t\t<div class=\"elementor-widget-container\">\n\t\t\t\t\t\t\t\t\t<table><tbody><tr><td width=\"234\"><strong>Contenu <\/strong><\/td><td width=\"235\"><strong>70 cl<\/strong><\/td><\/tr><tr><td width=\"234\"><strong>Pays d\u2019origine <\/strong><\/td><td width=\"235\">Suisse<\/td><\/tr><tr><td width=\"234\"><strong>Origine &#8211; r\u00e9gion <\/strong><\/td><td width=\"235\">Valais<\/td><\/tr><tr><td width=\"234\"><strong>Type de vin <\/strong><\/td><td width=\"235\">Jus de raisin rouge<\/td><\/tr><tr> <td width=\"234\"><strong> Vari\u00e9t\u00e9 de raisin<\/strong><\/td><td width=\"235\">Syrah<\/td><\/tr><tr><td width=\"234\"><strong>Qualit\u00e9 <\/strong><\/td><td width=\"235\">VdP<\/td><\/tr><tr><td width=\"234\"><strong>Teneur en alcool <\/strong><\/td><td width=\"235\">sans alcool<\/td><\/tr><tr><td width=\"234\"><strong>Buvabilit\u00e9 <\/strong><\/td><td width=\"235\">Maintenant\/1-2 ans<\/td><\/tr><tr><td width=\"234\"><strong>Temp\u00e9rature de consommation <\/strong><\/td><td width=\"235\">8-10 \u00b0 Celsius<\/td><\/tr><\/tbody><\/table><p><strong>D\u00e9couverte :<\/strong> Le Valais au c\u0153ur des Alpes b\u00e9n\u00e9ficie d&rsquo;un climat exceptionnel, souvent appel\u00e9 \u00abclimat de steppe\u00bb. La plupart du temps, les hautes montagnes emp\u00eachent la pluie d&rsquo;entrer, le foehn est cr\u00e9\u00e9, qui balaie les nuages et garantit un temps agr\u00e9able avec des temp\u00e9ratures douces. Avec une moyenne de moins de 600 mm de pr\u00e9cipitations par an, le Valais est le canton le plus sec de Suisse. Avec ses 2100 heures d&rsquo;ensoleillement, c&rsquo;est l&rsquo;une des r\u00e9gions les plus privil\u00e9gi\u00e9es d&rsquo;Europe centrale. Le s\u00e8che-cheveux, qui intervient souvent \u00e0 l&rsquo;automne, s\u00e8che les raisins, favorise leur maturit\u00e9, concentre le sucre et prot\u00e8ge des maladies.     Les diff\u00e9rences de temp\u00e9rature entre les journ\u00e9es chaudes et les nuits fra\u00eeches sont un autre ph\u00e9nom\u00e8ne climatique.. Cela augmente la complexit\u00e9 et l&rsquo;affinement des ar\u00f4mes dans les raisins vers la fin du cycle de maturation. La fin de l&rsquo;automne est r\u00e9guli\u00e8rement fantastique en Valais. Gr\u00e2ce \u00e0 un temps ensoleill\u00e9, doux et sec, on peut souvent apporter des vins de Sp\u00e4tlese et m\u00eame de Trockenbeerenauslese, qui ne sont en aucun cas inf\u00e9rieurs aux meilleurs vins doux du monde. La cave Cina Gilles &amp; Jo\u00ebl est une entreprise familiale depuis sa cr\u00e9ation en 1994. Il est g\u00e9r\u00e9 en 2\u00e8me g\u00e9n\u00e9ration par les propri\u00e9taires Gilles et Jo\u00ebl. Aujourd&rsquo;hui, 8 hectares de vignes, pour la plupart expos\u00e9s plein sud, font partie du domaine. Les fr\u00e8res Cina investissent tout dans la production de leurs vins: Expertise, souci du d\u00e9tail, engagement et technologie moderne. Dans l&rsquo;expansion des vins, l&rsquo;exp\u00e9rience qui a grandi dans l&rsquo;histoire de la cave se conjugue avec les r\u00e9alisations de l&rsquo;\u0153nologie contemporaine. Le r\u00e9sultat est des vins qui refl\u00e8tent les qualit\u00e9s de leur r\u00e9gion de culture, le Valais: authentiques, sans fioritures et terre-\u00e0-terre, int\u00e9ressants et aux multiples facettes.<\/p><p><strong>Personnage :<\/strong> Dans le Valais le c\u00e9page Syrah produit un vin rouge pourpre port\u00e9 par <strong>tanins \u00e9l\u00e9gants.<\/strong> Ce jus de raisin exprime au nez de merveilleuses notes d&rsquo;\u00e9pices et de baies sauvages. Pour les amateurs de jus de raisin doux et l\u00e9g\u00e8rement fruit\u00e9 et d&rsquo;une boisson non alcoolis\u00e9e, vaut toujours un p\u00e9ch\u00e9 culinaire!<\/p><p><strong>Conseil d&rsquo; utilisation :<\/strong> Ce jus de raisin <strong>sans alcool<\/strong> est une excellente boisson d&rsquo;ap\u00e9ritif, mais est \u00e9galement id\u00e9al en accompagnement de divers plats et\/ou simplement pour terminer la journ\u00e9e. <\/p>\t\t\t\t\t\t\t\t<\/div>\n\t\t\t\t<\/div>\n\t\t\t\t\t<\/div>\n\t\t<\/div>\n\t\t\t\t\t<\/div>\n\t\t<\/section>\n\t\t\t\t<\/div>\n\t\t","protected":false},"excerpt":{"rendered":"<p>Ce jus de raisin exprime au nez de merveilleuses notes d&rsquo;\u00e9pices et de baies sauvages.<\/p>\n","protected":false},"featured_media":8450,"comment_status":"open","ping_status":"closed","template":"","meta":[],"product_brand":[],"product_cat":[78],"product_tag":[],"class_list":{"0":"post-3866","1":"product","2":"type-product","3":"status-publish","4":"has-post-thumbnail","6":"product_cat-jus-de-raisin","8":"first","9":"instock","10":"shipping-taxable","11":"purchasable","12":"product-type-simple"},"_links":{"self":[{"href":"https:\/\/www.cinaweine.ch\/fr\/wp-json\/wp\/v2\/product\/3866","targetHints":{"allow":["GET"]}}],"collection":[{"href":"https:\/\/www.cinaweine.ch\/fr\/wp-json\/wp\/v2\/product"}],"about":[{"href":"https:\/\/www.cinaweine.ch\/fr\/wp-json\/wp\/v2\/types\/product"}],"replies":[{"embeddable":true,"href":"https:\/\/www.cinaweine.ch\/fr\/wp-json\/wp\/v2\/comments?post=3866"}],"version-history":[{"count":4,"href":"https:\/\/www.cinaweine.ch\/fr\/wp-json\/wp\/v2\/product\/3866\/revisions"}],"predecessor-version":[{"id":22381,"href":"https:\/\/www.cinaweine.ch\/fr\/wp-json\/wp\/v2\/product\/3866\/revisions\/22381"}],"wp:featuredmedia":[{"embeddable":true,"href":"https:\/\/www.cinaweine.ch\/fr\/wp-json\/wp\/v2\/media\/8450"}],"wp:attachment":[{"href":"https:\/\/www.cinaweine.ch\/fr\/wp-json\/wp\/v2\/media?parent=3866"}],"wp:term":[{"taxonomy":"product_brand","embeddable":true,"href":"https:\/\/www.cinaweine.ch\/fr\/wp-json\/wp\/v2\/product_brand?post=3866"},{"taxonomy":"product_cat","embeddable":true,"href":"https:\/\/www.cinaweine.ch\/fr\/wp-json\/wp\/v2\/product_cat?post=3866"},{"taxonomy":"product_tag","embeddable":true,"href":"https:\/\/www.cinaweine.ch\/fr\/wp-json\/wp\/v2\/product_tag?post=3866"}],"curies":[{"name":"wp","href":"https:\/\/api.w.org\/{rel}","templated":true}]}}