{"id":22310,"date":"2026-03-26T17:04:14","date_gmt":"2026-03-26T16:04:14","guid":{"rendered":"https:\/\/www.cinaweine.ch\/?post_type=product&#038;p=22310"},"modified":"2026-04-24T09:52:45","modified_gmt":"2026-04-24T08:52:45","slug":"cave-a-vin-de-hohenlohe-cheri-suess","status":"publish","type":"product","link":"https:\/\/www.cinaweine.ch\/fr\/produit\/cave-a-vin-de-hohenlohe-cheri-suess\/","title":{"rendered":"Cave \u00e0 vin de Hohenlohe Ch\u00e9ri S\u00fcss"},"content":{"rendered":"","protected":false},"excerpt":{"rendered":"<p>Savoureux, espi\u00e8gle et irr\u00e9sistiblement fruit\u00e9 \u2013 le Ch\u00e9ri est le vin id\u00e9al pour tous ceux qui aiment savourer la vie du c\u00f4t\u00e9 sucr\u00e9. Son profil s\u00e9duit par un bel \u00e9quilibre entre les fruits jaunes \u00e0 noyau et une subtile note de pomme. Nous le servons bien frais comme un \u00ab plaisir rapide \u00bb \u2013 le compagnon parfait pour des moments conviviaux en terrasse ou comme charmant soliste au coucher du soleil.<\/p>\n","protected":false},"featured_media":22304,"comment_status":"closed","ping_status":"closed","template":"","meta":[],"product_brand":[],"product_cat":[73,71],"product_tag":[],"class_list":{"0":"post-22310","1":"product","2":"type-product","3":"status-publish","4":"has-post-thumbnail","6":"product_cat-vin-blanc","7":"product_cat-vins-importe","9":"first","10":"instock","11":"shipping-taxable","12":"purchasable","13":"product-type-simple"},"_links":{"self":[{"href":"https:\/\/www.cinaweine.ch\/fr\/wp-json\/wp\/v2\/product\/22310","targetHints":{"allow":["GET"]}}],"collection":[{"href":"https:\/\/www.cinaweine.ch\/fr\/wp-json\/wp\/v2\/product"}],"about":[{"href":"https:\/\/www.cinaweine.ch\/fr\/wp-json\/wp\/v2\/types\/product"}],"replies":[{"embeddable":true,"href":"https:\/\/www.cinaweine.ch\/fr\/wp-json\/wp\/v2\/comments?post=22310"}],"version-history":[{"count":2,"href":"https:\/\/www.cinaweine.ch\/fr\/wp-json\/wp\/v2\/product\/22310\/revisions"}],"predecessor-version":[{"id":22319,"href":"https:\/\/www.cinaweine.ch\/fr\/wp-json\/wp\/v2\/product\/22310\/revisions\/22319"}],"wp:featuredmedia":[{"embeddable":true,"href":"https:\/\/www.cinaweine.ch\/fr\/wp-json\/wp\/v2\/media\/22304"}],"wp:attachment":[{"href":"https:\/\/www.cinaweine.ch\/fr\/wp-json\/wp\/v2\/media?parent=22310"}],"wp:term":[{"taxonomy":"product_brand","embeddable":true,"href":"https:\/\/www.cinaweine.ch\/fr\/wp-json\/wp\/v2\/product_brand?post=22310"},{"taxonomy":"product_cat","embeddable":true,"href":"https:\/\/www.cinaweine.ch\/fr\/wp-json\/wp\/v2\/product_cat?post=22310"},{"taxonomy":"product_tag","embeddable":true,"href":"https:\/\/www.cinaweine.ch\/fr\/wp-json\/wp\/v2\/product_tag?post=22310"}],"curies":[{"name":"wp","href":"https:\/\/api.w.org\/{rel}","templated":true}]}}