{"id":22017,"date":"2025-01-23T14:31:07","date_gmt":"2025-01-23T13:57:15","guid":{"rendered":"https:\/\/www.cinaweine.ch\/?post_type=product&#038;p=22017"},"modified":"2025-01-23T14:57:15","modified_gmt":"2025-01-23T13:57:15","slug":"pinot-noir-reserve-demil","status":"publish","type":"product","link":"https:\/\/www.cinaweine.ch\/fr\/produit\/pinot-noir-reserve-demil\/","title":{"rendered":"Pinot Noir R\u00e9serve d&rsquo;Emil"},"content":{"rendered":"\t\t<div data-elementor-type=\"wp-post\" data-elementor-id=\"22017\" class=\"elementor elementor-22017 elementor-21999\">\n\t\t\t\t\t\t<section class=\"elementor-section elementor-top-section elementor-element elementor-element-63b1901a elementor-section-boxed elementor-section-height-default elementor-section-height-default wd-section-disabled\" data-id=\"63b1901a\" data-element_type=\"section\" data-e-type=\"section\">\n\t\t\t\t\t\t<div class=\"elementor-container elementor-column-gap-default\">\n\t\t\t\t\t<div class=\"elementor-column elementor-col-100 elementor-top-column elementor-element elementor-element-769cb4\" data-id=\"769cb4\" data-element_type=\"column\" data-e-type=\"column\">\n\t\t\t<div class=\"elementor-widget-wrap elementor-element-populated\">\n\t\t\t\t\t\t<div class=\"elementor-element elementor-element-2e063290 color-scheme-inherit text-left elementor-widget elementor-widget-text-editor\" data-id=\"2e063290\" data-element_type=\"widget\" data-e-type=\"widget\" data-widget_type=\"text-editor.default\">\n\t\t\t\t<div class=\"elementor-widget-container\">\n\t\t\t\t\t\t\t\t\t<\/p>\n<table>\n<tbody>\n<tr>\n<td width=\"234\"><strong>Contenu<\/strong><\/td>\n<td width=\"235\"><strong>50 cl \/ 75 cl \/ 150 cl<\/strong><\/td>\n<\/tr>\n<tr>\n<td width=\"234\"><strong>Pays d\u2019origine <\/strong><\/td>\n<td width=\"235\">Suisse<\/td>\n<\/tr>\n<tr>\n<td width=\"234\"><strong>Origine &#8211; r\u00e9gion <\/strong><\/td>\n<td width=\"235\">Valais<\/td>\n<\/tr>\n<tr>\n<td width=\"234\"><strong>Type de vin<\/strong><\/td>\n<td width=\"235\">rouge<\/td>\n<\/tr>\n<tr>\n<td width=\"234\"><strong> Vari\u00e9t\u00e9 de raisin<\/strong><\/td>\n<td width=\"235\">Pinot noir<\/td>\n<\/tr>\n<tr>\n<td width=\"234\"><strong>Qualit\u00e9 <\/strong><\/td>\n<td width=\"235\">AOC Valais<\/td>\n<\/tr>\n<tr>\n<td width=\"234\"><strong>Teneur en alcool <\/strong><\/td>\n<td width=\"235\">13.0 % vol<\/td>\n<\/tr>\n<tr>\n<td width=\"234\"><strong>Buvabilit\u00e9 <\/strong><\/td>\n<td width=\"235\">8-10 Jahre<\/td>\n<\/tr>\n<tr>\n<td width=\"234\"><strong>Temp\u00e9rature de consommation <\/strong><\/td>\n<td width=\"235\">14-16 \u00b0 Celsius<\/td>\n<\/tr>\n<\/tbody>\n<\/table>\n<p><b>D\u00e9couverte :<\/b> Au c\u0153ur des Alpes, le Valais b\u00e9n\u00e9ficie d&rsquo;un climat exceptionnel, souvent qualifi\u00e9 de \u00ab\u00a0climat de steppe\u00a0\u00bb. La plupart du temps, les hautes montagnes emp\u00eachent la pluie de tomber, il en r\u00e9sulte un foehn qui balaie les nuages et garantit un beau temps avec des temp\u00e9ratures douces. Avec une moyenne de moins de 600 mm de pr\u00e9cipitations par an, le Valais est le canton le plus sec de Suisse. Avec ses 2100 heures d&rsquo;ensoleillement, il fait partie des r\u00e9gions les plus privil\u00e9gi\u00e9es d&rsquo;Europe centrale. Le foehn, qui se manifeste souvent en automne, s\u00e8che les raisins, favorise leur maturit\u00e9, concentre le sucre et prot\u00e8ge des maladies.     Les diff\u00e9rences de temp\u00e9rature entre les journ\u00e9es chaudes et les nuits fra\u00eeches sont un autre ph\u00e9nom\u00e8ne climatique.. Cela augmente la complexit\u00e9 et l&rsquo;affinement des ar\u00f4mes dans les raisins vers la fin du cycle de maturation. La fin de l&rsquo;automne est r\u00e9guli\u00e8rement fantastique en Valais. Gr\u00e2ce \u00e0 un temps ensoleill\u00e9, doux et sec, on peut souvent apporter des vins de Sp\u00e4tlese et m\u00eame de Trockenbeerenauslese, qui ne sont en aucun cas inf\u00e9rieurs aux meilleurs vins doux du monde. La cave Cina Gilles &amp; Jo\u00ebl est une entreprise familiale depuis sa cr\u00e9ation en 1994. Il est g\u00e9r\u00e9 en 2\u00e8me g\u00e9n\u00e9ration par les propri\u00e9taires Gilles et Jo\u00ebl. Aujourd&rsquo;hui, 8 hectares de vignes, pour la plupart expos\u00e9s plein sud, font partie du domaine. Les fr\u00e8res Cina investissent tout dans la production de leurs vins: Expertise, souci du d\u00e9tail, engagement et technologie moderne. Dans l&rsquo;expansion des vins, l&rsquo;exp\u00e9rience qui a grandi dans l&rsquo;histoire de la cave se conjugue avec les r\u00e9alisations de l&rsquo;\u0153nologie contemporaine. Le r\u00e9sultat est des vins qui refl\u00e8tent les qualit\u00e9s de leur r\u00e9gion de culture, le Valais: authentiques, sans fioritures et terre-\u00e0-terre, int\u00e9ressants et aux multiples facettes.<\/p>\n<p><strong>Caract\u00e8re :<\/strong> Le Pinot Noir R\u00e9serve d&rsquo;Emil est un Pinot Noir de Salgesch. Il doit suivre des directives strictes: un maximum de 800 grammes de raisins par m\u00e8tre carr\u00e9 peut \u00eatre produit. Il est stock\u00e9 dans notre cuverie pendant 18 mois.<\/p>\n<p><strong>D\u00e9gustation :<\/strong> Avec sa robe rouge sombre, ce vin a un nez tr\u00e8s intense de baies, de champignons et de bois mouill\u00e9 ; en bouche il est tr\u00e8s rond, onctueux, plein d&rsquo;ar\u00f4mes complexes rappelant les \u00e9pices.<\/p>\n<p><strong>Conseils culinaires :<\/strong> C&rsquo;est un vin tr\u00e8s vif et cors\u00e9, excellent avec des plats de viande, de gibier ou de fromage.<\/p>\n\t\t\t\t\t\t\t\t<\/div>\n\t\t\t\t<\/div>\n\t\t\t\t\t<\/div>\n\t\t<\/div>\n\t\t\t\t\t<\/div>\n\t\t<\/section>\n\t\t\t\t<\/div>\n\t\t","protected":false},"excerpt":{"rendered":"<p>De couleur rouge fonc\u00e9, ce vin pr\u00e9sente un nez tr\u00e8s intense de fruits rouges, de champignons et de bois humide; en bouche il appara\u00eet tr\u00e8s rond, doux, plein d&rsquo;ar\u00f4mes complexes qui rappellent les \u00e9pices.<\/p>\n","protected":false},"featured_media":8494,"comment_status":"open","ping_status":"closed","template":"","meta":[],"product_brand":[],"product_cat":[75],"product_tag":[],"class_list":{"0":"post-22017","1":"product","2":"type-product","3":"status-publish","4":"has-post-thumbnail","6":"product_cat-vins-rouges-fr","8":"first","9":"instock","10":"shipping-taxable","11":"purchasable","12":"product-type-variable"},"_links":{"self":[{"href":"https:\/\/www.cinaweine.ch\/fr\/wp-json\/wp\/v2\/product\/22017","targetHints":{"allow":["GET"]}}],"collection":[{"href":"https:\/\/www.cinaweine.ch\/fr\/wp-json\/wp\/v2\/product"}],"about":[{"href":"https:\/\/www.cinaweine.ch\/fr\/wp-json\/wp\/v2\/types\/product"}],"replies":[{"embeddable":true,"href":"https:\/\/www.cinaweine.ch\/fr\/wp-json\/wp\/v2\/comments?post=22017"}],"version-history":[{"count":2,"href":"https:\/\/www.cinaweine.ch\/fr\/wp-json\/wp\/v2\/product\/22017\/revisions"}],"predecessor-version":[{"id":22022,"href":"https:\/\/www.cinaweine.ch\/fr\/wp-json\/wp\/v2\/product\/22017\/revisions\/22022"}],"wp:featuredmedia":[{"embeddable":true,"href":"https:\/\/www.cinaweine.ch\/fr\/wp-json\/wp\/v2\/media\/8494"}],"wp:attachment":[{"href":"https:\/\/www.cinaweine.ch\/fr\/wp-json\/wp\/v2\/media?parent=22017"}],"wp:term":[{"taxonomy":"product_brand","embeddable":true,"href":"https:\/\/www.cinaweine.ch\/fr\/wp-json\/wp\/v2\/product_brand?post=22017"},{"taxonomy":"product_cat","embeddable":true,"href":"https:\/\/www.cinaweine.ch\/fr\/wp-json\/wp\/v2\/product_cat?post=22017"},{"taxonomy":"product_tag","embeddable":true,"href":"https:\/\/www.cinaweine.ch\/fr\/wp-json\/wp\/v2\/product_tag?post=22017"}],"curies":[{"name":"wp","href":"https:\/\/api.w.org\/{rel}","templated":true}]}}