{"id":21670,"date":"2024-09-18T15:42:09","date_gmt":"2024-11-13T14:55:37","guid":{"rendered":"https:\/\/www.cinaweine.ch\/product\/selection-schlumpf-rusty-white-moelleux-doux\/"},"modified":"2025-01-21T13:34:19","modified_gmt":"2025-01-21T12:34:19","slug":"selection-schlumpf-rusty-white-moelleux-doux","status":"publish","type":"product","link":"https:\/\/www.cinaweine.ch\/fr\/produit\/selection-schlumpf-rusty-white-moelleux-doux\/","title":{"rendered":"S\u00e9lection Schlumpf \u2013 Rusty White moelleux\/doux"},"content":{"rendered":"<table>\n<tbody>\n<tr>\n<td width=\"234\"><strong>Contenu<\/strong><\/td>\n<td width=\"235\"><strong>75 cl<\/strong><\/td>\n<\/tr>\n<tr>\n<td width=\"234\"><strong>Origine &#8211; Pays<\/strong><\/td>\n<td width=\"235\">Suisse<\/td>\n<\/tr>\n<tr>\n<td width=\"234\"><strong>Origine &#8211; R\u00e9gion<\/strong><\/td>\n<td width=\"235\">Valais<\/td>\n<\/tr>\n<tr>\n<td width=\"234\"><strong>Type de vin<\/strong><\/td>\n<td width=\"235\">Rouge<\/td>\n<\/tr>\n<tr>\n<td width=\"234\"><strong> C\u00e9page<\/strong><\/td>\n<td width=\"235\">Assemblage<\/td>\n<\/tr>\n<tr>\n<td width=\"234\"><strong>Qualit\u00e9<\/strong><\/td>\n<td width=\"235\">VdP<\/td>\n<\/tr>\n<tr>\n<td width=\"234\"><strong>Teneur en alcool<\/strong><\/td>\n<td width=\"235\">13.0 % vol<\/td>\n<\/tr>\n<tr>\n<td width=\"234\"><strong>Maturit\u00e9 de consommation<\/strong><\/td>\n<td width=\"235\">Maintenant\/2-3 ans<\/td>\n<\/tr>\n<tr>\n<td width=\"234\"><strong>Temp\u00e9rature de d\u00e9gustation<\/strong><\/td>\n<td width=\"235\">8-10 \u00b0 Celsius<\/td>\n<\/tr>\n<\/tbody>\n<\/table>\n<p>D\u00e9couverte : Au c\u0153ur des Alpes, le Valais b\u00e9n\u00e9ficie d&rsquo;un climat exceptionnel, souvent qualifi\u00e9 de \u00ab\u00a0climat de steppe\u00a0\u00bb. La plupart du temps, les hautes montagnes emp\u00eachent la pluie d&rsquo;entrer, le foehn est cr\u00e9\u00e9, qui balaie les nuages et garantit un temps agr\u00e9able avec des temp\u00e9ratures douces. Avec une moyenne de moins de 600 mm de pr\u00e9cipitations par an, le Valais est le canton le plus sec de Suisse. Avec ses 2100 heures d&rsquo;ensoleillement, c&rsquo;est l&rsquo;une des r\u00e9gions les plus privil\u00e9gi\u00e9es d&rsquo;Europe centrale. Le s\u00e8che-cheveux, qui intervient souvent \u00e0 l&rsquo;automne, s\u00e8che les raisins, favorise leur maturit\u00e9, concentre le sucre et prot\u00e8ge des maladies. Les diff\u00e9rences de temp\u00e9rature entre les journ\u00e9es chaudes et les nuits fra\u00eeches sont un autre ph\u00e9nom\u00e8ne climatique. Cela augmente la complexit\u00e9 et l&rsquo;affinement des ar\u00f4mes dans les raisins vers la fin du cycle de maturation. La fin de l&rsquo;automne est r\u00e9guli\u00e8rement fantastique en Valais. Gr\u00e2ce \u00e0 un temps ensoleill\u00e9, doux et sec, on peut souvent apporter des vins de Sp\u00e4tlese et m\u00eame de Trockenbeerenauslese, qui ne sont en aucun cas inf\u00e9rieurs aux meilleurs vins doux du monde. La cave Cina Gilles &amp; Jo\u00ebl est une entreprise familiale depuis sa cr\u00e9ation en 1994. Il est g\u00e9r\u00e9 en 2\u00e8me g\u00e9n\u00e9ration par les propri\u00e9taires Gilles et Jo\u00ebl. Aujourd&rsquo;hui, 8 hectares de vignes, pour la plupart expos\u00e9s plein sud, font partie du domaine. Les fr\u00e8res Cina investissent tout dans la production de leurs vins: Expertise, souci du d\u00e9tail, engagement et technologie moderne. Dans l&rsquo;expansion des vins, l&rsquo;exp\u00e9rience qui a grandi dans l&rsquo;histoire de la cave se conjugue avec les r\u00e9alisations de l&rsquo;\u0153nologie contemporaine. Le r\u00e9sultat est des vins qui refl\u00e8tent les qualit\u00e9s de leur r\u00e9gion de culture, le Valais: authentiques, sans fioritures et terre-\u00e0-terre, int\u00e9ressants et aux multiples facettes.<\/p>\n<p style=\"margin-bottom: var(--wd-tags-mb); font-style: normal; font-variant-ligatures: normal; font-variant-caps: normal; font-weight: 400; font-family: Lato, Arial, Helvetica, sans-serif; font-size: 14px;\">Caract\u00e8re : en assemblant diff\u00e9rents c\u00e9pages, notre ma\u00eetre de chai combine habilement les forces de chacun d&rsquo;entre eux. Cela cr\u00e9e des vins harmonieux qui refl\u00e8tent tr\u00e8s bien le caract\u00e8re de la r\u00e9gion.<\/p>\n<p style=\"margin-bottom: var(--wd-tags-mb); font-style: normal; font-variant-ligatures: normal; font-variant-caps: normal; font-weight: 400; font-family: Lato, Arial, Helvetica, sans-serif; font-size: 14px;\">D\u00e9gustation : rouge rubis, ce Valaisan brille dans le verre. Au nez, des ar\u00f4mes de griottes et de groseilles vous invitent, accompagn\u00e9s d&rsquo;un soup\u00e7on de m\u00fbres. Cette d\u00e9licieuse impression se poursuit en toute transparence en bouche. Des fruits vivifiants, une grande jutosit\u00e9, une douceur douce et des tanins fins font de ce rouge sympathique une exp\u00e9rience agr\u00e9able \u00e0 boire.<\/p>\n<p style=\"margin-bottom: var(--wd-tags-mb); font-style: normal; font-variant-ligatures: normal; font-variant-caps: normal; font-weight: 400; font-family: Lato, Arial, Helvetica, sans-serif; font-size: 14px;\">Harmonies : ce vin rouge fruit\u00e9 et doux est un \u00ab\u00a0vin de terrasse\u00a0\u00bb classique, mais il accompagne aussi parfaitement un chili, des fromages vieillis ou fait du pecorino (fromage au lait de brebis) un plaisir particulier.<\/p>\n<p style=\"margin-bottom: 0px; font-style: normal; font-variant-ligatures: normal; font-variant-caps: normal; font-weight: 400; font-family: Lato, Arial, Helvetica, sans-serif; font-size: 14px;\">Ce vin, plus pr\u00e9cis\u00e9ment l&rsquo;\u00e9tiquette \u00ab\u00a0Rusty White\u00a0\u00bb, de la S\u00e9lection Schlumpf, a \u00e9t\u00e9 cr\u00e9\u00e9 en collaboration avec Dominik Schlumpf, joueur de hockey sur glace \u00e0 l&rsquo;EV Zug et artiste zougois, avec un don de CHF 1 par bouteille vendue \u00e0 la \u00ab\u00a0Sternschnuppe\u00a0\u00bb coul\u00e9 . Cette campagne de dons est maintenant termin\u00e9e, mais l&rsquo;histoire reste dans nos c\u0153urs.<\/p>\n","protected":false},"excerpt":{"rendered":"<p>Des fruits vivifiants, une grande jutosit\u00e9, une douceur douce et des tanins fins font de ce rouge sympathique une exp\u00e9rience agr\u00e9able \u00e0 boire.<\/p>\n","protected":false},"featured_media":8363,"comment_status":"closed","ping_status":"closed","template":"","meta":[],"product_brand":[],"product_cat":[70],"product_tag":[],"class_list":{"0":"post-21670","1":"product","2":"type-product","3":"status-publish","4":"has-post-thumbnail","6":"product_cat-vins-dassemblage","8":"first","9":"instock","10":"shipping-taxable","11":"purchasable","12":"product-type-simple"},"_links":{"self":[{"href":"https:\/\/www.cinaweine.ch\/fr\/wp-json\/wp\/v2\/product\/21670","targetHints":{"allow":["GET"]}}],"collection":[{"href":"https:\/\/www.cinaweine.ch\/fr\/wp-json\/wp\/v2\/product"}],"about":[{"href":"https:\/\/www.cinaweine.ch\/fr\/wp-json\/wp\/v2\/types\/product"}],"replies":[{"embeddable":true,"href":"https:\/\/www.cinaweine.ch\/fr\/wp-json\/wp\/v2\/comments?post=21670"}],"version-history":[{"count":2,"href":"https:\/\/www.cinaweine.ch\/fr\/wp-json\/wp\/v2\/product\/21670\/revisions"}],"predecessor-version":[{"id":21672,"href":"https:\/\/www.cinaweine.ch\/fr\/wp-json\/wp\/v2\/product\/21670\/revisions\/21672"}],"wp:featuredmedia":[{"embeddable":true,"href":"https:\/\/www.cinaweine.ch\/fr\/wp-json\/wp\/v2\/media\/8363"}],"wp:attachment":[{"href":"https:\/\/www.cinaweine.ch\/fr\/wp-json\/wp\/v2\/media?parent=21670"}],"wp:term":[{"taxonomy":"product_brand","embeddable":true,"href":"https:\/\/www.cinaweine.ch\/fr\/wp-json\/wp\/v2\/product_brand?post=21670"},{"taxonomy":"product_cat","embeddable":true,"href":"https:\/\/www.cinaweine.ch\/fr\/wp-json\/wp\/v2\/product_cat?post=21670"},{"taxonomy":"product_tag","embeddable":true,"href":"https:\/\/www.cinaweine.ch\/fr\/wp-json\/wp\/v2\/product_tag?post=21670"}],"curies":[{"name":"wp","href":"https:\/\/api.w.org\/{rel}","templated":true}]}}