{"id":21668,"date":"2023-03-22T09:29:23","date_gmt":"2024-11-13T14:52:59","guid":{"rendered":"https:\/\/www.cinaweine.ch\/product\/selection-schlumpf-die-unendliche-birke\/"},"modified":"2025-01-21T13:35:34","modified_gmt":"2025-01-21T12:35:34","slug":"selection-schlumpf-die-unendliche-birke","status":"publish","type":"product","link":"https:\/\/www.cinaweine.ch\/fr\/produit\/selection-schlumpf-die-unendliche-birke\/","title":{"rendered":"S\u00e9lection Schlumpf \u2013 Die unendliche Birke"},"content":{"rendered":"\t\t<div data-elementor-type=\"wp-post\" data-elementor-id=\"21668\" class=\"elementor elementor-21668 elementor-20650\">\n\t\t\t\t\t\t<section class=\"elementor-section elementor-top-section elementor-element elementor-element-73628716 elementor-section-boxed elementor-section-height-default elementor-section-height-default wd-section-disabled\" data-id=\"73628716\" data-element_type=\"section\" data-e-type=\"section\">\n\t\t\t\t\t\t<div class=\"elementor-container elementor-column-gap-default\">\n\t\t\t\t\t<div class=\"elementor-column elementor-col-100 elementor-top-column elementor-element elementor-element-2c4dd54d\" data-id=\"2c4dd54d\" data-element_type=\"column\" data-e-type=\"column\">\n\t\t\t<div class=\"elementor-widget-wrap elementor-element-populated\">\n\t\t\t\t\t\t<div class=\"elementor-element elementor-element-5ea55a88 color-scheme-inherit text-left elementor-widget elementor-widget-text-editor\" data-id=\"5ea55a88\" data-element_type=\"widget\" data-e-type=\"widget\" data-widget_type=\"text-editor.default\">\n\t\t\t\t<div class=\"elementor-widget-container\">\n\t\t\t\t\t\t\t\t\t<table>\n<tbody>\n<tr>\n<td width=\"234\"><strong>Contenu<\/strong><\/td>\n<td width=\"235\"><strong>75 cl<\/strong><\/td>\n<\/tr>\n<tr>\n<td width=\"234\"><strong>Pays d\u2019origine <\/strong><\/td>\n<td width=\"235\">Suisse<\/td>\n<\/tr>\n<tr>\n<td width=\"234\"><strong>Pays d\u2019origine <\/strong><\/td>\n<td width=\"235\">Valais<\/td>\n<\/tr>\n<tr>\n<td width=\"234\"><strong>Type de vin<\/strong><\/td>\n<td width=\"235\">blanc<\/td>\n<\/tr>\n<tr>\n<td width=\"234\"><strong> Vari\u00e9t\u00e9 de raisin <\/strong><\/td>\n<td width=\"235\">Assemblage<\/td>\n<\/tr>\n<tr>\n<td width=\"234\"><strong>Qualit\u00e9 <\/strong><\/td>\n<td width=\"235\">VdP<\/td>\n<\/tr>\n<tr>\n<td width=\"234\"><strong>Alkoholgehalt<\/strong><\/td>\n<td width=\"235\">12.0 % vol<\/td>\n<\/tr>\n<tr>\n<td width=\"234\"><strong>Buvabilit\u00e9 <\/strong><\/td>\n<td width=\"235\">Maintenant\/2-3 ans<\/td>\n<\/tr>\n<tr>\n<td width=\"234\"><strong>Trinktemperatur<\/strong><\/td>\n<td width=\"235\">8-12 \u00b0 Celsius<\/td>\n<\/tr>\n<\/tbody>\n<\/table>\n<div style=\"border-style: none none solid; border-bottom-color: windowtext; padding: 0cm; border-width: initial initial 1pt initial;\">\n<div>\n<div style=\"border-style: none none solid; border-bottom-color: windowtext; padding: 0cm; border-width: initial initial 1pt initial;\">\n<p class=\"MsoNormal\" style=\"margin-bottom: 0cm; text-align: justify; border-width: initial; border-style: none; padding: 0cm;\"><b>D\u00e9couverte:<\/b> Le Valais au c\u0153ur des Alpes b\u00e9n\u00e9ficie d&rsquo;un climat exceptionnel, souvent appel\u00e9 \u00abclimat de steppe\u00bb. La plupart du temps, les hautes montagnes emp\u00eachent la pluie d&rsquo;entrer, le foehn est cr\u00e9\u00e9, qui balaie les nuages et garantit un temps agr\u00e9able avec des temp\u00e9ratures douces. Avec une moyenne de moins de 600 mm de pr\u00e9cipitations par an, le Valais est le canton le plus sec de Suisse. Avec ses 2100 <span style=\"font-size: 14px; background-color: var(--bgcolor-white); color: var(--wd-text-color);\">heures d&rsquo;ensoleillement, il fait partie des r\u00e9gions les plus privil\u00e9gi\u00e9es d&rsquo;Europe centrale. Le s\u00e8che-cheveux, qui intervient souvent \u00e0 l&rsquo;automne, s\u00e8che les raisins, favorise leur maturit\u00e9, concentre le sucre et prot\u00e8ge des maladies. <\/span><\/p>\n<p class=\"MsoNormal\" style=\"margin-bottom: 0cm; text-align: justify; border-width: initial; border-style: none; padding: 0cm;\"><b style=\"font-size: 14px; background-color: var(--bgcolor-white); color: var(--wd-text-color);\"> <\/b><\/p>\n<p class=\"MsoNormal\" style=\"margin-bottom: 0cm; text-align: justify; border-width: initial; border-style: none; padding: 0cm;\"><b>Caract\u00e8re :<\/b> notre ma\u00eetre de chai combine diff\u00e9rents c\u00e9pages locaux pour produire un vin blanc harmonieux, souple et velout\u00e9, qui refl\u00e8te tr\u00e8s bien le caract\u00e8re de la r\u00e9gion. Le \u201eunendliche Birke\u201c est un vin aromatique et musqu\u00e9 au fruit\u00e9 marqu\u00e9.<\/p>\n<p class=\"MsoNormal\" style=\"margin-bottom: 0cm; text-align: justify; border-width: initial; border-style: none; padding: 0cm;\"><b> <\/b><\/p>\n<p class=\"MsoNormal\" style=\"margin-bottom: 0cm; text-align: justify; border-width: initial; border-style: none; padding: 0cm;\"><b>D\u00e9gustation : Notre \u00ab\u00a0bouleau infini\u00a0\u00bb a une teinte claire et jaun\u00e2tre avec des reflets verts, un caract\u00e8re tr\u00e8s intense au nez, fruit\u00e9 et exub\u00e9rant en bouche.<\/b> Un vin blanc l\u00e9ger, fruit\u00e9, harmonieux et gouleyant.<\/p>\n<p class=\"MsoNormal\" style=\"margin-bottom: 0cm; text-align: justify; border-width: initial; border-style: none; padding: 0cm;\"><b> <\/b><\/p>\n<p class=\"MsoNormal\" style=\"margin-bottom: 0cm; text-align: justify; border-width: initial; border-style: none; padding: 0cm;\"><b>Harmonies : ce merveilleux vin blanc de la maison Cina Gilles &amp; Jo\u00ebl convient parfaitement comme boisson d&rsquo;ap\u00e9ritif ainsi que comme noble compagnon des sp\u00e9cialit\u00e9s valaisannes comme la fondue ou la viande s\u00e9ch\u00e9e.<\/b> De m\u00eame, il se marie parfaitement avec un plateau de fromages ainsi qu&rsquo;avec du poisson cuit au four ou poch\u00e9 ou des fruits de mer.<\/p>\n<p class=\"MsoNormal\" style=\"margin-bottom: 0cm; text-align: justify; border-width: initial; border-style: none; padding: 0cm;\">\n<p class=\"MsoNormal\" style=\"margin-bottom: 0cm; text-align: justify; border-width: initial; border-style: none; padding: 0cm;\">Ce vin, et plus particuli\u00e8rement l&rsquo;\u00e9tiquette \u00ab\u00a0Die unendliche Birke\u00a0\u00bb, de la S\u00e9lection Schlumpf, a \u00e9t\u00e9 cr\u00e9\u00e9 en collaboration avec Dominik Schlumpf, joueur de hockey sur glace au EV Zug et artiste zougois. Comme pour les premi\u00e8res \u00e9ditions de la S\u00e9lection Schlumpf, 1 CHF sera revers\u00e9 \u00e0 une \u0153uvre de bienfaisance.<\/p>\n<div style=\"text-align: justify;\"> <\/div>\n<div style=\"text-align: justify;\">\n<div>Cette fois-ci, <b>le don<\/b> est destin\u00e9 \u00e0 la <b>brocante de Zoug<\/b>, qui est aussi surnomm\u00e9e le <b>\u00ab\u00a0grand magasin le plus durable\u00a0\u00bb de Zoug<\/b>. L&rsquo;objectif de la Centrale <b>des femmes de Zoug<\/b> est l&rsquo;\u00e9galit\u00e9 effective entre les femmes et les hommes dans le monde du travail, la famille, la politique et la soci\u00e9t\u00e9. La Centrale des femmes de Zoug a \u00e9t\u00e9 fond\u00e9e en 1969 en tant qu&rsquo;association fa\u00eeti\u00e8re de toutes les organisations f\u00e9minines zougoises. Elle est organis\u00e9e en tant qu&rsquo;association d&rsquo;utilit\u00e9 publique et est dirig\u00e9e par un comit\u00e9 directeur b\u00e9n\u00e9vole et un secr\u00e9tariat professionnel, ind\u00e9pendant de tout parti politique et neutre sur le plan confessionnel. Vous trouverez toutes les informations compl\u00e9mentaires sous :<\/div>\n<div> <\/div>\n<div><a style=\"font-size: 14px; background-color: var(--bgcolor-white);\" href=\"https:\/\/www.brockizug.ch\" target=\"_blank\" rel=\"noopener\">www.brockizug.ch<\/a><a style=\"font-size: 14px; background-color: var(--bgcolor-white);\" href=\"https:\/\/www.brockizug.ch\"> <\/a><\/div>\n<div><a href=\"https:\/\/www.frauenzentralezug.ch\" target=\"_blank\" rel=\"noopener\">www.frauenzentralezug.ch <\/a><\/div>\n<\/div>\n<div style=\"text-align: justify;\"> <\/div>\n<div style=\"text-align: justify;\"> <\/div>\n<\/div>\n<\/div>\n<\/div>\n\t\t\t\t\t\t\t\t<\/div>\n\t\t\t\t<\/div>\n\t\t\t\t\t<\/div>\n\t\t<\/div>\n\t\t\t\t\t<\/div>\n\t\t<\/section>\n\t\t\t\t<\/div>\n\t\t","protected":false},"excerpt":{"rendered":"<p>Le \u00ab\u00a0unendliche Birke\u00a0\u00bb est un vin aromatique et musqu\u00e9 au fruit\u00e9 marqu\u00e9.<\/p>\n","protected":false},"featured_media":21667,"comment_status":"open","ping_status":"closed","template":"","meta":[],"product_brand":[],"product_cat":[70],"product_tag":[],"class_list":{"0":"post-21668","1":"product","2":"type-product","3":"status-publish","4":"has-post-thumbnail","6":"product_cat-vins-dassemblage","8":"first","9":"instock","10":"shipping-taxable","11":"purchasable","12":"product-type-simple"},"_links":{"self":[{"href":"https:\/\/www.cinaweine.ch\/fr\/wp-json\/wp\/v2\/product\/21668","targetHints":{"allow":["GET"]}}],"collection":[{"href":"https:\/\/www.cinaweine.ch\/fr\/wp-json\/wp\/v2\/product"}],"about":[{"href":"https:\/\/www.cinaweine.ch\/fr\/wp-json\/wp\/v2\/types\/product"}],"replies":[{"embeddable":true,"href":"https:\/\/www.cinaweine.ch\/fr\/wp-json\/wp\/v2\/comments?post=21668"}],"version-history":[{"count":2,"href":"https:\/\/www.cinaweine.ch\/fr\/wp-json\/wp\/v2\/product\/21668\/revisions"}],"predecessor-version":[{"id":21906,"href":"https:\/\/www.cinaweine.ch\/fr\/wp-json\/wp\/v2\/product\/21668\/revisions\/21906"}],"wp:featuredmedia":[{"embeddable":true,"href":"https:\/\/www.cinaweine.ch\/fr\/wp-json\/wp\/v2\/media\/21667"}],"wp:attachment":[{"href":"https:\/\/www.cinaweine.ch\/fr\/wp-json\/wp\/v2\/media?parent=21668"}],"wp:term":[{"taxonomy":"product_brand","embeddable":true,"href":"https:\/\/www.cinaweine.ch\/fr\/wp-json\/wp\/v2\/product_brand?post=21668"},{"taxonomy":"product_cat","embeddable":true,"href":"https:\/\/www.cinaweine.ch\/fr\/wp-json\/wp\/v2\/product_cat?post=21668"},{"taxonomy":"product_tag","embeddable":true,"href":"https:\/\/www.cinaweine.ch\/fr\/wp-json\/wp\/v2\/product_tag?post=21668"}],"curies":[{"name":"wp","href":"https:\/\/api.w.org\/{rel}","templated":true}]}}