{"id":21520,"date":"2024-06-14T07:46:21","date_gmt":"2024-06-14T06:46:22","guid":{"rendered":"https:\/\/www.cinaweine.ch\/?post_type=product&#038;p=21520"},"modified":"2024-06-14T08:11:34","modified_gmt":"2024-06-14T07:11:34","slug":"arneis-roero-povero-kopie","status":"publish","type":"product","link":"https:\/\/www.cinaweine.ch\/fr\/produit\/arneis-roero-povero-kopie\/","title":{"rendered":"Lugana Riviera del Garda Citari IT"},"content":{"rendered":"\t\t<div data-elementor-type=\"wp-post\" data-elementor-id=\"21520\" class=\"elementor elementor-21520 elementor-21519\">\n\t\t\t\t\t\t<section class=\"wd-negative-gap elementor-section elementor-top-section elementor-element elementor-element-31da31f4 elementor-section-boxed elementor-section-height-default elementor-section-height-default wd-section-disabled\" data-id=\"31da31f4\" data-element_type=\"section\" data-e-type=\"section\">\n\t\t\t\t\t\t<div class=\"elementor-container elementor-column-gap-default\">\n\t\t\t\t\t<div class=\"elementor-column elementor-col-100 elementor-top-column elementor-element elementor-element-201a3f75\" data-id=\"201a3f75\" data-element_type=\"column\" data-e-type=\"column\">\n\t\t\t<div class=\"elementor-widget-wrap elementor-element-populated\">\n\t\t\t\t\t\t<div class=\"elementor-element elementor-element-52f19e20 color-scheme-inherit text-left elementor-widget elementor-widget-text-editor\" data-id=\"52f19e20\" data-element_type=\"widget\" data-e-type=\"widget\" data-widget_type=\"text-editor.default\">\n\t\t\t\t<div class=\"elementor-widget-container\">\n\t\t\t\t\t\t\t\t\t<\/p>\n<table>\n<tbody>\n<tr>\n<td width=\"234\"><strong>Contenu<\/strong><\/td>\n<td width=\"235\"><strong>75 cl<\/strong><\/td>\n<\/tr>\n<tr>\n<td width=\"234\"><strong>Pays d\u2019origine <\/strong><\/td>\n<td width=\"235\">Italie<\/td>\n<\/tr>\n<tr>\n<td width=\"234\"><strong>Origine \u2013 r\u00e9gion <\/strong><\/td>\n<td width=\"235\">Lombardie, Lac de Garda<\/td>\n<\/tr>\n<tr>\n<td width=\"234\"><strong>Type de vin<\/strong><\/td>\n<td width=\"235\">blanc<\/td>\n<\/tr>\n<tr>\n<td width=\"234\">\n  <strong> C\u00e9page<\/strong>\n<\/td>\n<td width=\"235\">Trebbiano di Lugana<\/td>\n<\/tr>\n<tr>\n<td width=\"234\"><strong>Qualit\u00e9 <\/strong><\/td>\n<td width=\"235\">DOC<\/td>\n<\/tr>\n<tr>\n<td width=\"234\"><strong>Teneur en alcool <\/strong><\/td>\n<td width=\"235\">13.0 % vol<\/td>\n<\/tr>\n<tr>\n<td width=\"234\"><strong>Buvabilit\u00e9 <\/strong><\/td>\n<td width=\"235\">Maintenant\/2-3 ans<\/td>\n<\/tr>\n<tr>\n<td width=\"234\">\n  <strong>Temp\u00e9rature de d\u00e9gustation<\/strong>\n<\/td>\n<td width=\"235\">8-10\u00b0 Celsius<\/td>\n<\/tr>\n<\/tbody>\n<\/table>\n<p><strong>D\u00e9couverte : <\/strong>Le domaine viticole Citari a \u00e9t\u00e9 fond\u00e9 en 1975 par Francesco Gettuli et est aujourd&rsquo;hui g\u00e9r\u00e9 par sa fille Giovanna et ses enfants Francesco et Maria Giovanna. Il est situ\u00e9 sur la rive sud du lac de Garde pr\u00e8s de Desenzano del Garda, sur la colline de San Martino. C&rsquo;est un endroit important dans l&rsquo;histoire de l&rsquo;Italie &#8211; San Martino della Battaglia. Cet endroit est connu pour la bataille entre Italiens et Autrichiens qui a eu lieu le 24 juin 1859. En souvenir de cet \u00e9v\u00e9nement sanglant, une tour de 74 m\u00e8tres de haut a \u00e9t\u00e9 construite entre 1880 et 1893. Chaque nuit, trois rayons de lumi\u00e8re du drapeau tricolore italien se refl\u00e8tent sur le sommet de la tour. La cave Citari s&rsquo;\u00e9tend sur 30 hectares et est situ\u00e9e directement derri\u00e8re cette tour historique de San Martino.<\/p>\n<p>Lugana est une r\u00e9gion viticole situ\u00e9e au sud du lac de Garde, dans la province de Brescia, dans la r\u00e9gion de la Lombardie et en partie dans la r\u00e9gion de la V\u00e9n\u00e9tie, en Italie. La r\u00e9gion viticole comprend toute la commune de Sirmione et une partie des communes de Desenzano del Garda, Lonato del Garda, Pozzolengo et Peschiera del Garda. Et justement l&rsquo;appellation d&rsquo;origine d&rsquo;un vin blanc l\u00e9ger et juteux issu de raisins de Trebbiano qui poussent dans les vignobles autour de ce village.<\/p>\n<p><strong>D\u00e9gustation : <\/strong>ce vin blanc \u00e0 la robe jaune citron p\u00e2le brille magnifiquement dans le verre. Son parfum rappelle les fleurs blanches, les p\u00eaches, les mandarines, les ananas ainsi que les amandes et les zestes de citron. Une belle intensit\u00e9 en bouche, marqu\u00e9e par des senteurs florales et des notes de fruits jaunes. La finale est tr\u00e8s claire avec une acidit\u00e9 mod\u00e9r\u00e9e.<\/p>\n<p><strong>Accords mets et vins : <\/strong>le vin Lugana, d&rsquo;apparence fra\u00eeche et l\u00e9g\u00e8re, se boit volontiers en ap\u00e9ritif. Il accompagne parfaitement les entr\u00e9es \u00e0 base de poisson ou de l\u00e9gumes, ainsi que les plats de risotto et de champignons. Il est \u00e9galement appr\u00e9ci\u00e9 avec les jeunes fromages, la volaille et le poisson.<\/p>\n\t\t\t\t\t\t\t\t<\/div>\n\t\t\t\t<\/div>\n\t\t\t\t\t<\/div>\n\t\t<\/div>\n\t\t\t\t\t<\/div>\n\t\t<\/section>\n\t\t\t\t<\/div>\n\t\t","protected":false},"excerpt":{"rendered":"<p>D&rsquo;apparence fra\u00eeche et l\u00e9g\u00e8re, le vin Lugana se boit volontiers en ap\u00e9ritif. Il accompagne parfaitement les entr\u00e9es \u00e0 base de poisson ou de l\u00e9gumes, ainsi que les plats de risotto et de champignons. Il est \u00e9galement appr\u00e9ci\u00e9 avec les jeunes fromages, la volaille et le poisson.<\/p>\n","protected":false},"featured_media":21522,"comment_status":"open","ping_status":"closed","template":"","meta":[],"product_brand":[],"product_cat":[73,71],"product_tag":[],"class_list":{"0":"post-21520","1":"product","2":"type-product","3":"status-publish","4":"has-post-thumbnail","6":"product_cat-vin-blanc","7":"product_cat-vins-importe","9":"first","10":"instock","11":"shipping-taxable","12":"purchasable","13":"product-type-simple"},"_links":{"self":[{"href":"https:\/\/www.cinaweine.ch\/fr\/wp-json\/wp\/v2\/product\/21520","targetHints":{"allow":["GET"]}}],"collection":[{"href":"https:\/\/www.cinaweine.ch\/fr\/wp-json\/wp\/v2\/product"}],"about":[{"href":"https:\/\/www.cinaweine.ch\/fr\/wp-json\/wp\/v2\/types\/product"}],"replies":[{"embeddable":true,"href":"https:\/\/www.cinaweine.ch\/fr\/wp-json\/wp\/v2\/comments?post=21520"}],"version-history":[{"count":4,"href":"https:\/\/www.cinaweine.ch\/fr\/wp-json\/wp\/v2\/product\/21520\/revisions"}],"predecessor-version":[{"id":21537,"href":"https:\/\/www.cinaweine.ch\/fr\/wp-json\/wp\/v2\/product\/21520\/revisions\/21537"}],"wp:featuredmedia":[{"embeddable":true,"href":"https:\/\/www.cinaweine.ch\/fr\/wp-json\/wp\/v2\/media\/21522"}],"wp:attachment":[{"href":"https:\/\/www.cinaweine.ch\/fr\/wp-json\/wp\/v2\/media?parent=21520"}],"wp:term":[{"taxonomy":"product_brand","embeddable":true,"href":"https:\/\/www.cinaweine.ch\/fr\/wp-json\/wp\/v2\/product_brand?post=21520"},{"taxonomy":"product_cat","embeddable":true,"href":"https:\/\/www.cinaweine.ch\/fr\/wp-json\/wp\/v2\/product_cat?post=21520"},{"taxonomy":"product_tag","embeddable":true,"href":"https:\/\/www.cinaweine.ch\/fr\/wp-json\/wp\/v2\/product_tag?post=21520"}],"curies":[{"name":"wp","href":"https:\/\/api.w.org\/{rel}","templated":true}]}}