{"id":4137,"date":"2021-04-17T01:44:08","date_gmt":"2021-04-17T01:44:08","guid":{"rendered":"https:\/\/cinaweine.shop\/cookie-richtlinien\/"},"modified":"2025-01-06T16:05:44","modified_gmt":"2025-01-06T15:05:44","slug":"cookie-richtlinien","status":"publish","type":"page","link":"https:\/\/www.cinaweine.ch\/fr\/cookie-richtlinien\/","title":{"rendered":"Politique en mati\u00e8re de cookies"},"content":{"rendered":"\t\t<div data-elementor-type=\"wp-page\" data-elementor-id=\"4137\" class=\"elementor elementor-4137 elementor-4130\">\n\t\t\t\t\t\t<section class=\"elementor-section elementor-top-section elementor-element elementor-element-1bf144bc elementor-section-boxed elementor-section-height-default elementor-section-height-default wd-section-disabled\" data-id=\"1bf144bc\" data-element_type=\"section\" data-e-type=\"section\">\n\t\t\t\t\t\t<div class=\"elementor-container elementor-column-gap-default\">\n\t\t\t\t\t<div class=\"elementor-column elementor-col-100 elementor-top-column elementor-element elementor-element-b9b325e\" data-id=\"b9b325e\" data-element_type=\"column\" data-e-type=\"column\">\n\t\t\t<div class=\"elementor-widget-wrap elementor-element-populated\">\n\t\t\t\t\t\t<div class=\"elementor-element elementor-element-5879ba2e color-scheme-inherit text-left elementor-widget elementor-widget-text-editor\" data-id=\"5879ba2e\" data-element_type=\"widget\" data-e-type=\"widget\" data-widget_type=\"text-editor.default\">\n\t\t\t\t<div class=\"elementor-widget-container\">\n\t\t\t\t\t\t\t\t\t<p><b>Politique en mati\u00e8re de cookies<\/b><\/p>\n<p>Notre site Web utilise des cookies. L&rsquo;acceptation des cookies n&rsquo;est pas une condition pr\u00e9alable \u00e0 l&rsquo;utilisation de nos sites Web. Cependant, nous vous informons que si vous n&rsquo;acceptez pas les cookies, le fonctionnement de nos sites Web pourrait \u00eatre limit\u00e9. Vous pouvez configurer votre navigateur de mani\u00e8re \u00e0 ce que les cookies ne soient enregistr\u00e9s que si vous les acceptez.   <\/p>\n<p><b>Que sont les cookies ?<\/b><\/p>\n<p>Les cookies sont de petits fichiers texte stock\u00e9s par votre navigateur Web et qui enregistrent certains param\u00e8tres et donn\u00e9es pour l&rsquo;\u00e9change avec notre serveur Web.<\/p>\n<p>On distingue g\u00e9n\u00e9ralement deux types de cookies, les cookies dits de session, qui sont supprim\u00e9s d\u00e8s que vous fermez votre navigateur, et les cookies temporaires \/ permanents, qui sont stock\u00e9s pendant une p\u00e9riode plus longue. Leur enregistrement nous aide \u00e0 concevoir nos sites et services en fonction de vos besoins et facilite votre utilisation, par exemple en sauvegardant certaines entr\u00e9es pour que vous n&rsquo;ayez pas \u00e0 les r\u00e9p\u00e9ter sans cesse. <\/p>\n<p>Les cookies utilis\u00e9s par notre site peuvent provenir de Ciaweine ou de partenaires publicitaires. Si vous souhaitez accepter uniquement les cookies de Cinaweine et pas ceux de nos partenaires publicitaires, vous pouvez s\u00e9lectionner le param\u00e8tre appropri\u00e9 dans votre navigateur (par exemple, \u00ab\u00a0Bloquer les cookies tiers\u00a0\u00bb). La fonction d&rsquo;aide dans la barre de menu de votre navigateur web indique g\u00e9n\u00e9ralement que vous devez refuser les nouveaux cookies et d\u00e9sactiver les cookies d\u00e9j\u00e0 re\u00e7us. Nous vous recommandons de vous d\u00e9connecter compl\u00e8tement apr\u00e8s avoir termin\u00e9 d&rsquo;utiliser notre site sur les ordinateurs partag\u00e9s qui acceptent les cookies et les cookies Flash.   <\/p>\n<p>Nos services utilisent trois cat\u00e9gories de cookies :<\/p>\n<ul>\n<li><b>Cookies n\u00e9cessaires : <\/b>ces cookies sont n\u00e9cessaires pour une navigation et un fonctionnement optimaux du site. Par exemple, ces cookies sont utilis\u00e9s pour mettre en \u0153uvre la fonction de panier d&rsquo;achat, de sorte que les marchandises restent stock\u00e9es dans votre panier pendant que vous poursuivez votre achat. Les cookies n\u00e9cessaires servent \u00e9galement \u00e0 m\u00e9moriser certaines entr\u00e9es et certains r\u00e9glages que vous avez effectu\u00e9s, afin que vous n&rsquo;ayez pas \u00e0 les r\u00e9p\u00e9ter sans cesse, et \u00e0 adapter notre contenu \u00e0 vos int\u00e9r\u00eats individuels. Sans les cookies n\u00e9cessaires, seule une utilisation limit\u00e9e du site est possible.   <\/li>\n<li><b>Cookies statistiques : <\/b>ces cookies collectent des donn\u00e9es sur les appareils et les acc\u00e8s afin d&rsquo;analyser l&rsquo;utilisation de notre site web, par exemple quelles parties du site sont utilis\u00e9es et comment (ce que l&rsquo;on appelle le comportement de navigation), \u00e0 quelle vitesse le contenu est charg\u00e9 et si des erreurs se produisent. Ces cookies ne contiennent que des informations anonymes ou pseudonymes et ne sont utilis\u00e9s que pour am\u00e9liorer notre site web, pour savoir ce qui int\u00e9resse nos utilisateurs et pour mesurer l&rsquo;efficacit\u00e9 de notre publicit\u00e9. Les cookies statistiques peuvent \u00eatre bloqu\u00e9s sans affecter la navigation et le fonctionnement du site.  <\/li>\n<li><b>les cookies marketing (\u00ab\u00a0cookies de suivi\u00a0\u00bb) : <\/b>Ces cookies contiennent des identifiants et collectent des donn\u00e9es sur les appareils et les acc\u00e8s afin d&rsquo;adapter les publicit\u00e9s personnalis\u00e9es sur notre site \u00e0 vos int\u00e9r\u00eats individuels. Nos partenaires publicitaires, qui g\u00e8rent des r\u00e9seaux publicitaires en ligne, collectent \u00e9galement des donn\u00e9es sur les appareils et les acc\u00e8s \u00e0 nos sites Web. Cela nous permet d&rsquo;afficher des publicit\u00e9s personnalis\u00e9es correspondant \u00e0 vos centres d&rsquo;int\u00e9r\u00eat sur d&rsquo;autres sites et applications tiers (ce que l&rsquo;on appelle le reciblage). Les cookies marketing peuvent \u00eatre bloqu\u00e9s sans affecter la navigation et le fonctionnement du site. La personnalisation de l&rsquo;achat peut \u00eatre possible, mais pas l&rsquo;\u00eatre.    <\/li>\n<\/ul>\n<p><b> <\/b><\/p>\n<p>Comme indiqu\u00e9 ci-dessus, vous pouvez configurer votre navigateur de mani\u00e8re \u00e0 ce qu&rsquo;il n&rsquo;enregistre plus nos cookies sur votre disque dur \u00e0 l&rsquo;avenir ou qu&rsquo;il supprime les cookies d\u00e9j\u00e0 enregistr\u00e9s. Pour ce faire, proc\u00e9dez comme suit : <\/p>\n<p>D\u00e9sactiver les cookies :<\/p>\n<p><b>Dans Internet Explorer :<\/b><br \/>1. Dans le menu \u00ab\u00a0Outils\u00a0\u00bb, s\u00e9lectionnez \u00ab\u00a0Options Internet\u00a0\u00bb.<br \/>2. Cliquez sur l&rsquo;onglet \u00ab\u00a0Confidentialit\u00e9\u00a0\u00bb.<br \/>3. Vous pouvez maintenant d\u00e9finir les param\u00e8tres de s\u00e9curit\u00e9 de la zone Internet. Vous d\u00e9terminez ici si les cookies doivent \u00eatre accept\u00e9s ou refus\u00e9s, et lesquels. 4) Cliquez sur \u00ab\u00a0OK\u00a0\u00bb pour confirmer votre choix.  <\/p>\n<\/p>\n<p><b>Dans Firefox :<\/b><br \/>1. Dans le menu \u00ab\u00a0Outils\u00a0\u00bb, s\u00e9lectionnez Pr\u00e9f\u00e9rences.<br \/>2. Cliquez sur \u00ab\u00a0Confidentialit\u00e9\u00a0\u00bb.<br \/>3. Dans le menu d\u00e9roulant, s\u00e9lectionnez \u00ab\u00a0Cr\u00e9er selon les param\u00e8tres personnalis\u00e9s\u00a0\u00bb.<br \/>4. Vous pouvez maintenant d\u00e9finir si les cookies doivent \u00eatre accept\u00e9s, combien de temps vous souhaitez conserver ces cookies et ajouter des exceptions, sur quels sites Web vous souhaitez toujours ou jamais autoriser les cookies.<br \/>5. Cliquez sur \u00ab\u00a0OK\u00a0\u00bb pour confirmer vos param\u00e8tres.<\/p>\n<p><b>Dans Google Chrome :<\/b><br \/>1. Cliquez sur le menu Chrome dans la barre d&rsquo;outils du navigateur.<br \/>2. S\u00e9lectionnez maintenant<br \/>\u00ab\u00a0Param\u00e8tres\u00a0\u00bb. 3. cliquez sur \u00ab\u00a0Afficher les param\u00e8tres avanc\u00e9s\u00a0\u00bb. Cliquez sur \u00ab\u00a0Contenu 4. Param\u00e8tres\u00a0\u00bb sous \u00ab\u00a0Confidentialit\u00e9\u00a0\u00bb. 5. sous \u00ab\u00a0Cookies\u00a0\u00bb, vous pouvez d\u00e9finir les param\u00e8tres suivants pour les cookies : &#8211; Supprimer les cookies &#8211; Bloquer les cookies par d\u00e9faut &#8211; Autoriser les cookies par d\u00e9faut &#8211; Supprimer les cookies et les donn\u00e9es du site web par d\u00e9faut apr\u00e8s avoir quitt\u00e9 le navigateur &#8211; Autoriser les exceptions pour les cookies de certains sites web ou domaines    <\/p>\n<p><b>Dans Safari :<\/b><br \/>1. Allez dans \u00ab\u00a0Pr\u00e9f\u00e9rences\u00a0\u00bb et s\u00e9lectionnez \u00ab\u00a0Safari\u00a0\u00bb.<br \/>2. Dans \u00ab\u00a0Confidentialit\u00e9 et s\u00e9curit\u00e9\u00a0\u00bb, sous \u00ab\u00a0Bloquer les cookies\u00a0\u00bb, vous trouverez l&rsquo;option \u00ab\u00a0Toujours bloquer\u00a0\u00bb.<\/p>\n<p>Mais sachez que seuls nos cookies vous permettent d&rsquo;utiliser et d&rsquo;exp\u00e9rimenter pleinement certaines des fonctionnalit\u00e9s les plus int\u00e9ressantes de cinaweine. Par exemple, lorsque vous placez un article dans le sac d&rsquo;achat, notre serveur lit le code du cookie et se souvient que l&rsquo;article appartient \u00e0 votre sac d&rsquo;achat. Si vous visitez d&rsquo;autres sites apr\u00e8s avoir fait vos achats sur cinaweine.shop et que vous revenez ensuite sur notre site, votre sac d&rsquo;achat est toujours rempli. Ce service n&rsquo;est possible que gr\u00e2ce \u00e0 l&rsquo;utilisation de cookies. Nous vous recommandons donc de laisser les cookies activ\u00e9s.    <\/p>\n\t\t\t\t\t\t\t\t<\/div>\n\t\t\t\t<\/div>\n\t\t\t\t\t<\/div>\n\t\t<\/div>\n\t\t\t\t\t<\/div>\n\t\t<\/section>\n\t\t\t\t<\/div>\n\t\t","protected":false},"excerpt":{"rendered":"<p>Politique en mati\u00e8re de cookies Notre site Web utilise des cookies. L&rsquo;acceptation des cookies n&rsquo;est pas une condition pr\u00e9alable \u00e0<\/p>\n","protected":false},"author":1,"featured_media":0,"parent":0,"menu_order":0,"comment_status":"closed","ping_status":"closed","template":"","meta":{"footnotes":""},"class_list":["post-4137","page","type-page","status-publish","hentry"],"_links":{"self":[{"href":"https:\/\/www.cinaweine.ch\/fr\/wp-json\/wp\/v2\/pages\/4137","targetHints":{"allow":["GET"]}}],"collection":[{"href":"https:\/\/www.cinaweine.ch\/fr\/wp-json\/wp\/v2\/pages"}],"about":[{"href":"https:\/\/www.cinaweine.ch\/fr\/wp-json\/wp\/v2\/types\/page"}],"author":[{"embeddable":true,"href":"https:\/\/www.cinaweine.ch\/fr\/wp-json\/wp\/v2\/users\/1"}],"replies":[{"embeddable":true,"href":"https:\/\/www.cinaweine.ch\/fr\/wp-json\/wp\/v2\/comments?post=4137"}],"version-history":[{"count":2,"href":"https:\/\/www.cinaweine.ch\/fr\/wp-json\/wp\/v2\/pages\/4137\/revisions"}],"predecessor-version":[{"id":21849,"href":"https:\/\/www.cinaweine.ch\/fr\/wp-json\/wp\/v2\/pages\/4137\/revisions\/21849"}],"wp:attachment":[{"href":"https:\/\/www.cinaweine.ch\/fr\/wp-json\/wp\/v2\/media?parent=4137"}],"curies":[{"name":"wp","href":"https:\/\/api.w.org\/{rel}","templated":true}]}}