{"id":21794,"date":"2025-01-06T14:44:05","date_gmt":"2025-01-06T13:44:05","guid":{"rendered":"https:\/\/www.cinaweine.ch\/mentions-legales\/"},"modified":"2025-01-06T16:06:30","modified_gmt":"2025-01-06T15:06:30","slug":"mentions-legales","status":"publish","type":"page","link":"https:\/\/www.cinaweine.ch\/fr\/mentions-legales\/","title":{"rendered":"Mentions l\u00e9gales"},"content":{"rendered":"\t\t<div data-elementor-type=\"wp-page\" data-elementor-id=\"21794\" class=\"elementor elementor-21794 elementor-21792\">\n\t\t\t\t\t\t<section class=\"elementor-section elementor-top-section elementor-element elementor-element-76fd1611 elementor-section-boxed elementor-section-height-default elementor-section-height-default wd-section-disabled\" data-id=\"76fd1611\" data-element_type=\"section\" data-e-type=\"section\">\n\t\t\t\t\t\t<div class=\"elementor-container elementor-column-gap-default\">\n\t\t\t\t\t<div class=\"elementor-column elementor-col-100 elementor-top-column elementor-element elementor-element-c99e384\" data-id=\"c99e384\" data-element_type=\"column\" data-e-type=\"column\">\n\t\t\t<div class=\"elementor-widget-wrap elementor-element-populated\">\n\t\t\t\t\t\t<div class=\"elementor-element elementor-element-87ba790 color-scheme-inherit text-left elementor-widget elementor-widget-text-editor\" data-id=\"87ba790\" data-element_type=\"widget\" data-e-type=\"widget\" data-widget_type=\"text-editor.default\">\n\t\t\t\t<div class=\"elementor-widget-container\">\n\t\t\t\t\t\t\t\t\t<div><strong>Accessibilit\u00e9<\/strong><\/div>\n<div>Domaine viticole Gilles &amp; Jo\u00ebl Cina<br \/>Encaveurs<br \/>Route de Sierre 11<\/div>\n<div>3972 Mi\u00e8ge<br \/>T\u00e9l. +41 27 455 60 00 <\/div>\n<div>Courrier \u00e9lectronique : info@cinaweine.ch<\/div>\n<div> <\/div>\n<div><strong>Mentions l\u00e9gales<\/strong><br \/>Cina Gilles &amp; Jo\u00ebl S\u00e0rl<br \/>Bauwerig<br \/>3970 Salgesch CH<\/div>\n<div> <\/div>\n<div><strong>Associ\u00e9s<\/strong><br \/>Cina, Gilles Pierre<br \/>Cina, Jo\u00ebl Ga\u00e9tan<\/div>\n<div> <\/div>\n<div><strong>Bureau du registre du commerce<\/strong><\/div>\n<div>Haut-Valais<\/div>\n<div><strong>Nom de l&rsquo;entreprise enregistr\u00e9e<\/strong><\/div>\n<div>Cina Gilles &amp; Jo\u00ebl S\u00e0rl<\/div>\n<div><strong>IDE \/ TVA<\/strong><\/div>\n<div>CHE-108.640.741<\/div>\n\t\t\t\t\t\t\t\t<\/div>\n\t\t\t\t<\/div>\n\t\t\t\t\t<\/div>\n\t\t<\/div>\n\t\t\t\t\t<\/div>\n\t\t<\/section>\n\t\t\t\t<\/div>\n\t\t","protected":false},"excerpt":{"rendered":"<p>Accessibilit\u00e9 Domaine viticole Gilles &amp; Jo\u00ebl CinaEncaveursRoute de Sierre 11 3972 Mi\u00e8geT\u00e9l. +41 27 455 60 00 Courrier \u00e9lectronique :<\/p>\n","protected":false},"author":1,"featured_media":0,"parent":0,"menu_order":0,"comment_status":"closed","ping_status":"closed","template":"","meta":{"footnotes":""},"class_list":["post-21794","page","type-page","status-publish","hentry"],"_links":{"self":[{"href":"https:\/\/www.cinaweine.ch\/fr\/wp-json\/wp\/v2\/pages\/21794","targetHints":{"allow":["GET"]}}],"collection":[{"href":"https:\/\/www.cinaweine.ch\/fr\/wp-json\/wp\/v2\/pages"}],"about":[{"href":"https:\/\/www.cinaweine.ch\/fr\/wp-json\/wp\/v2\/types\/page"}],"author":[{"embeddable":true,"href":"https:\/\/www.cinaweine.ch\/fr\/wp-json\/wp\/v2\/users\/1"}],"replies":[{"embeddable":true,"href":"https:\/\/www.cinaweine.ch\/fr\/wp-json\/wp\/v2\/comments?post=21794"}],"version-history":[{"count":2,"href":"https:\/\/www.cinaweine.ch\/fr\/wp-json\/wp\/v2\/pages\/21794\/revisions"}],"predecessor-version":[{"id":21852,"href":"https:\/\/www.cinaweine.ch\/fr\/wp-json\/wp\/v2\/pages\/21794\/revisions\/21852"}],"wp:attachment":[{"href":"https:\/\/www.cinaweine.ch\/fr\/wp-json\/wp\/v2\/media?parent=21794"}],"curies":[{"name":"wp","href":"https:\/\/api.w.org\/{rel}","templated":true}]}}